{"id":33461,"date":"2025-06-24T21:20:19","date_gmt":"2025-06-25T05:20:19","guid":{"rendered":"http:\/\/45.63.70.205\/?post_type=product&#038;p=33461"},"modified":"2025-06-24T21:35:25","modified_gmt":"2025-06-25T05:35:25","slug":"my-little-pony-pinkie-pie-stackable-coloring-pen-magic-color-changer-with-scented-ink","status":"publish","type":"product","link":"http:\/\/shinyyoustationery.com\/es\/my-little-pony-pinkie-pie-stackable-coloring-pen-magic-color-changer-with-scented-ink\/","title":{"rendered":"My Little Pony Bol\u00edgrafo apilable para colorear de Pinkie Pie - Cambiador m\u00e1gico de colores con tinta perfumada"},"content":{"rendered":"","protected":false},"excerpt":{"rendered":"<p>Dale un toque de color y magia a tu arte con el My Little Pony Bol\u00edgrafo apilable para colorear de Pinkie Pie. Este divertido bol\u00edgrafo presenta un dise\u00f1o apilable \u00fanico con m\u00faltiples colores vibrantes y tinta perfumada. Con un cambiador de color m\u00e1gico y una goma de borrar, es perfecto para proyectos creativos y para a\u00f1adir un toque especial a tus dibujos. \u00a1Ideal para los fans de Pinkie Pie y My Little Pony!<\/p>","protected":false},"featured_media":33466,"template":"","meta":[],"product_brand":[],"product_cat":[383],"product_tag":[],"class_list":{"0":"post-33461","1":"product","2":"type-product","3":"status-publish","4":"has-post-thumbnail","6":"product_cat-licensed-stationery-supplier","8":"first","9":"instock","10":"shipping-taxable","11":"product-type-simple"},"_links":{"self":[{"href":"http:\/\/shinyyoustationery.com\/es\/wp-json\/wp\/v2\/product\/33461","targetHints":{"allow":["GET"]}}],"collection":[{"href":"http:\/\/shinyyoustationery.com\/es\/wp-json\/wp\/v2\/product"}],"about":[{"href":"http:\/\/shinyyoustationery.com\/es\/wp-json\/wp\/v2\/types\/product"}],"version-history":[{"count":0,"href":"http:\/\/shinyyoustationery.com\/es\/wp-json\/wp\/v2\/product\/33461\/revisions"}],"wp:featuredmedia":[{"embeddable":true,"href":"http:\/\/shinyyoustationery.com\/es\/wp-json\/wp\/v2\/media\/33466"}],"wp:attachment":[{"href":"http:\/\/shinyyoustationery.com\/es\/wp-json\/wp\/v2\/media?parent=33461"}],"wp:term":[{"taxonomy":"product_brand","embeddable":true,"href":"http:\/\/shinyyoustationery.com\/es\/wp-json\/wp\/v2\/product_brand?post=33461"},{"taxonomy":"product_cat","embeddable":true,"href":"http:\/\/shinyyoustationery.com\/es\/wp-json\/wp\/v2\/product_cat?post=33461"},{"taxonomy":"product_tag","embeddable":true,"href":"http:\/\/shinyyoustationery.com\/es\/wp-json\/wp\/v2\/product_tag?post=33461"}],"curies":[{"name":"wp","href":"https:\/\/api.w.org\/{rel}","templated":true}]}}