{"id":33471,"date":"2025-06-24T22:07:35","date_gmt":"2025-06-25T06:07:35","guid":{"rendered":"http:\/\/45.63.70.205\/?post_type=product&#038;p=33471"},"modified":"2025-06-24T22:07:36","modified_gmt":"2025-06-25T06:07:36","slug":"my-little-pony-unicorn-starry-notebook-mint-green-with-gold-foil","status":"publish","type":"product","link":"http:\/\/shinyyoustationery.com\/es\/my-little-pony-unicorn-starry-notebook-mint-green-with-gold-foil\/","title":{"rendered":"My Little Pony Cuaderno Unicornio Estrellado - Mint Green with Gold Foil"},"content":{"rendered":"","protected":false},"excerpt":{"rendered":"<p>Este encantador cuaderno Unicornio My Little Pony presenta una suave cubierta verde menta adornada con un impresionante dise\u00f1o en l\u00e1mina de oro de un unicornio rodeado de estrellas centelleantes. Perfecto para escribir, dibujar o escribir un diario, este cuaderno m\u00e1gico a\u00f1ade un toque de maravilla a cualquier tarea creativa. Ideal para los fans de My Little Pony y los amantes de la papeler\u00eda caprichosa.<\/p>","protected":false},"featured_media":33473,"template":"","meta":[],"product_brand":[],"product_cat":[383],"product_tag":[],"class_list":{"0":"post-33471","1":"product","2":"type-product","3":"status-publish","4":"has-post-thumbnail","6":"product_cat-licensed-stationery-supplier","8":"first","9":"instock","10":"shipping-taxable","11":"product-type-simple"},"_links":{"self":[{"href":"http:\/\/shinyyoustationery.com\/es\/wp-json\/wp\/v2\/product\/33471","targetHints":{"allow":["GET"]}}],"collection":[{"href":"http:\/\/shinyyoustationery.com\/es\/wp-json\/wp\/v2\/product"}],"about":[{"href":"http:\/\/shinyyoustationery.com\/es\/wp-json\/wp\/v2\/types\/product"}],"version-history":[{"count":0,"href":"http:\/\/shinyyoustationery.com\/es\/wp-json\/wp\/v2\/product\/33471\/revisions"}],"wp:featuredmedia":[{"embeddable":true,"href":"http:\/\/shinyyoustationery.com\/es\/wp-json\/wp\/v2\/media\/33473"}],"wp:attachment":[{"href":"http:\/\/shinyyoustationery.com\/es\/wp-json\/wp\/v2\/media?parent=33471"}],"wp:term":[{"taxonomy":"product_brand","embeddable":true,"href":"http:\/\/shinyyoustationery.com\/es\/wp-json\/wp\/v2\/product_brand?post=33471"},{"taxonomy":"product_cat","embeddable":true,"href":"http:\/\/shinyyoustationery.com\/es\/wp-json\/wp\/v2\/product_cat?post=33471"},{"taxonomy":"product_tag","embeddable":true,"href":"http:\/\/shinyyoustationery.com\/es\/wp-json\/wp\/v2\/product_tag?post=33471"}],"curies":[{"name":"wp","href":"https:\/\/api.w.org\/{rel}","templated":true}]}}