{"id":33538,"date":"2025-06-25T02:15:49","date_gmt":"2025-06-25T10:15:49","guid":{"rendered":"http:\/\/45.63.70.205\/?post_type=product&#038;p=33538"},"modified":"2025-07-07T15:20:18","modified_gmt":"2025-07-07T07:20:18","slug":"wholesale-custom-neon-purple-transparent-pencil-case-with-orange-zipper-for-school-office","status":"publish","type":"product","link":"http:\/\/shinyyoustationery.com\/es\/wholesale-custom-neon-purple-transparent-pencil-case-with-orange-zipper-for-school-office\/","title":{"rendered":"Mayorista Estuche Transparente Ne\u00f3n Morado con Cremallera Naranja para Escuela y Oficina"},"content":{"rendered":"","protected":false},"excerpt":{"rendered":"<p>Con un dise\u00f1o transparente y duradero y un suave cierre de cremallera, es perfecto para organizar bol\u00edgrafos, l\u00e1pices y peque\u00f1os accesorios. Una opci\u00f3n divertida y funcional para el colegio o la oficina, que a\u00f1ade un toque vibrante a tu colecci\u00f3n de art\u00edculos de papeler\u00eda.<\/p>","protected":false},"featured_media":33540,"template":"","meta":[],"product_brand":[],"product_cat":[699,477,520],"product_tag":[],"class_list":{"0":"post-33538","1":"product","2":"type-product","3":"status-publish","4":"has-post-thumbnail","6":"product_cat-neon-collection","7":"product_cat-school-bags","8":"product_cat-pencil-case-pouch","10":"first","11":"instock","12":"shipping-taxable","13":"product-type-simple"},"_links":{"self":[{"href":"http:\/\/shinyyoustationery.com\/es\/wp-json\/wp\/v2\/product\/33538","targetHints":{"allow":["GET"]}}],"collection":[{"href":"http:\/\/shinyyoustationery.com\/es\/wp-json\/wp\/v2\/product"}],"about":[{"href":"http:\/\/shinyyoustationery.com\/es\/wp-json\/wp\/v2\/types\/product"}],"version-history":[{"count":0,"href":"http:\/\/shinyyoustationery.com\/es\/wp-json\/wp\/v2\/product\/33538\/revisions"}],"wp:featuredmedia":[{"embeddable":true,"href":"http:\/\/shinyyoustationery.com\/es\/wp-json\/wp\/v2\/media\/33540"}],"wp:attachment":[{"href":"http:\/\/shinyyoustationery.com\/es\/wp-json\/wp\/v2\/media?parent=33538"}],"wp:term":[{"taxonomy":"product_brand","embeddable":true,"href":"http:\/\/shinyyoustationery.com\/es\/wp-json\/wp\/v2\/product_brand?post=33538"},{"taxonomy":"product_cat","embeddable":true,"href":"http:\/\/shinyyoustationery.com\/es\/wp-json\/wp\/v2\/product_cat?post=33538"},{"taxonomy":"product_tag","embeddable":true,"href":"http:\/\/shinyyoustationery.com\/es\/wp-json\/wp\/v2\/product_tag?post=33538"}],"curies":[{"name":"wp","href":"https:\/\/api.w.org\/{rel}","templated":true}]}}