{"id":33595,"date":"2025-06-25T21:26:31","date_gmt":"2025-06-26T05:26:31","guid":{"rendered":"http:\/\/45.63.70.205\/?post_type=product&#038;p=33595"},"modified":"2025-07-14T00:49:10","modified_gmt":"2025-07-14T08:49:10","slug":"wholesale-custom-neon-green-desk-organizer-set-for-office-school","status":"publish","type":"product","link":"http:\/\/shinyyoustationery.com\/es\/wholesale-custom-neon-green-desk-organizer-set-for-office-school\/","title":{"rendered":"Mayorista Set Organizador de Escritorio Verde Ne\u00f3n Personalizado para Oficina y Escuela"},"content":{"rendered":"","protected":false},"excerpt":{"rendered":"<p>Ideal tanto para entornos de oficina como escolares, incluye componentes que pueden plegarse y montarse f\u00e1cilmente. El conjunto cuenta con secciones para almacenar peque\u00f1os suministros de oficina como papel, bol\u00edgrafos y otros art\u00edculos esenciales, asegurando que todo tenga su lugar. F\u00e1cil de montar con instrucciones claras incluidas.<\/p>","protected":false},"featured_media":33596,"template":"","meta":[],"product_brand":[],"product_cat":[699,331,402,427,675],"product_tag":[],"class_list":{"0":"post-33595","1":"product","2":"type-product","3":"status-publish","4":"has-post-thumbnail","6":"product_cat-neon-collection","7":"product_cat-stationery-set","8":"product_cat-desk-organizer-accessories","9":"product_cat-desk-organizer","10":"product_cat-school-desk-organizer","12":"first","13":"instock","14":"shipping-taxable","15":"product-type-simple"},"_links":{"self":[{"href":"http:\/\/shinyyoustationery.com\/es\/wp-json\/wp\/v2\/product\/33595","targetHints":{"allow":["GET"]}}],"collection":[{"href":"http:\/\/shinyyoustationery.com\/es\/wp-json\/wp\/v2\/product"}],"about":[{"href":"http:\/\/shinyyoustationery.com\/es\/wp-json\/wp\/v2\/types\/product"}],"version-history":[{"count":0,"href":"http:\/\/shinyyoustationery.com\/es\/wp-json\/wp\/v2\/product\/33595\/revisions"}],"wp:featuredmedia":[{"embeddable":true,"href":"http:\/\/shinyyoustationery.com\/es\/wp-json\/wp\/v2\/media\/33596"}],"wp:attachment":[{"href":"http:\/\/shinyyoustationery.com\/es\/wp-json\/wp\/v2\/media?parent=33595"}],"wp:term":[{"taxonomy":"product_brand","embeddable":true,"href":"http:\/\/shinyyoustationery.com\/es\/wp-json\/wp\/v2\/product_brand?post=33595"},{"taxonomy":"product_cat","embeddable":true,"href":"http:\/\/shinyyoustationery.com\/es\/wp-json\/wp\/v2\/product_cat?post=33595"},{"taxonomy":"product_tag","embeddable":true,"href":"http:\/\/shinyyoustationery.com\/es\/wp-json\/wp\/v2\/product_tag?post=33595"}],"curies":[{"name":"wp","href":"https:\/\/api.w.org\/{rel}","templated":true}]}}