{"id":33605,"date":"2025-06-25T21:57:08","date_gmt":"2025-06-26T05:57:08","guid":{"rendered":"http:\/\/45.63.70.205\/?post_type=product&#038;p=33605"},"modified":"2025-07-02T19:45:00","modified_gmt":"2025-07-02T11:45:00","slug":"wholesale-custom-neon-8-pack-highlighter-set-for-office-school","status":"publish","type":"product","link":"http:\/\/shinyyoustationery.com\/es\/wholesale-custom-neon-8-pack-highlighter-set-for-office-school\/","title":{"rendered":"Mayorista Juego de 8 rotuladores de ne\u00f3n personalizados para la oficina y la escuela"},"content":{"rendered":"","protected":false},"excerpt":{"rendered":"<p>Este set de 8 rotuladores fluorescentes es perfecto tanto para la oficina como para el colegio. Con una mezcla de colores que incluye rosa, naranja, verde y amarillo, estos rotuladores permiten marcar f\u00e1cilmente informaci\u00f3n importante, organizar notas y a\u00f1adir un toque de color al trabajo. Su c\u00f3modo dise\u00f1o garantiza una experiencia de subrayado fluida, ideal para sesiones de estudio, presentaciones u organizaci\u00f3n de documentos.<\/p>","protected":false},"featured_media":33606,"template":"","meta":[],"product_brand":[],"product_cat":[699,415,418],"product_tag":[],"class_list":{"0":"post-33605","1":"product","2":"type-product","3":"status-publish","4":"has-post-thumbnail","6":"product_cat-neon-collection","7":"product_cat-pen","8":"product_cat-highlighter","10":"first","11":"instock","12":"shipping-taxable","13":"product-type-simple"},"_links":{"self":[{"href":"http:\/\/shinyyoustationery.com\/es\/wp-json\/wp\/v2\/product\/33605","targetHints":{"allow":["GET"]}}],"collection":[{"href":"http:\/\/shinyyoustationery.com\/es\/wp-json\/wp\/v2\/product"}],"about":[{"href":"http:\/\/shinyyoustationery.com\/es\/wp-json\/wp\/v2\/types\/product"}],"version-history":[{"count":0,"href":"http:\/\/shinyyoustationery.com\/es\/wp-json\/wp\/v2\/product\/33605\/revisions"}],"wp:featuredmedia":[{"embeddable":true,"href":"http:\/\/shinyyoustationery.com\/es\/wp-json\/wp\/v2\/media\/33606"}],"wp:attachment":[{"href":"http:\/\/shinyyoustationery.com\/es\/wp-json\/wp\/v2\/media?parent=33605"}],"wp:term":[{"taxonomy":"product_brand","embeddable":true,"href":"http:\/\/shinyyoustationery.com\/es\/wp-json\/wp\/v2\/product_brand?post=33605"},{"taxonomy":"product_cat","embeddable":true,"href":"http:\/\/shinyyoustationery.com\/es\/wp-json\/wp\/v2\/product_cat?post=33605"},{"taxonomy":"product_tag","embeddable":true,"href":"http:\/\/shinyyoustationery.com\/es\/wp-json\/wp\/v2\/product_tag?post=33605"}],"curies":[{"name":"wp","href":"https:\/\/api.w.org\/{rel}","templated":true}]}}