{"id":33610,"date":"2025-06-25T22:06:11","date_gmt":"2025-06-26T06:06:11","guid":{"rendered":"http:\/\/45.63.70.205\/?post_type=product&#038;p=33610"},"modified":"2025-07-02T19:44:53","modified_gmt":"2025-07-02T11:44:53","slug":"wholesale-custom-neon-flower-pen-and-highlighter-set-for-office-school","status":"publish","type":"product","link":"http:\/\/shinyyoustationery.com\/es\/wholesale-custom-neon-flower-pen-and-highlighter-set-for-office-school\/","title":{"rendered":"Mayorista Juego de bol\u00edgrafo y rotulador con flor de ne\u00f3n para la oficina y la escuela"},"content":{"rendered":"","protected":false},"excerpt":{"rendered":"<p>A\u00f1ade un toque alegre a tu colecci\u00f3n de papeler\u00eda con este set de bol\u00edgrafo y rotulador fluorescente con forma de flor. Disponibles en colores vivos como rosa, naranja, verde y azul, estos art\u00edculos \u00fanicos son perfectos para el colegio o la oficina. El vibrante dise\u00f1o floral los hace divertidos y f\u00e1ciles de usar, ideales para resaltar puntos importantes y escribir con un toque de color.<\/p>","protected":false},"featured_media":33611,"template":"","meta":[],"product_brand":[],"product_cat":[418,415,699],"product_tag":[],"class_list":{"0":"post-33610","1":"product","2":"type-product","3":"status-publish","4":"has-post-thumbnail","6":"product_cat-highlighter","7":"product_cat-pen","8":"product_cat-neon-collection","10":"first","11":"instock","12":"shipping-taxable","13":"product-type-simple"},"_links":{"self":[{"href":"http:\/\/shinyyoustationery.com\/es\/wp-json\/wp\/v2\/product\/33610","targetHints":{"allow":["GET"]}}],"collection":[{"href":"http:\/\/shinyyoustationery.com\/es\/wp-json\/wp\/v2\/product"}],"about":[{"href":"http:\/\/shinyyoustationery.com\/es\/wp-json\/wp\/v2\/types\/product"}],"version-history":[{"count":0,"href":"http:\/\/shinyyoustationery.com\/es\/wp-json\/wp\/v2\/product\/33610\/revisions"}],"wp:featuredmedia":[{"embeddable":true,"href":"http:\/\/shinyyoustationery.com\/es\/wp-json\/wp\/v2\/media\/33611"}],"wp:attachment":[{"href":"http:\/\/shinyyoustationery.com\/es\/wp-json\/wp\/v2\/media?parent=33610"}],"wp:term":[{"taxonomy":"product_brand","embeddable":true,"href":"http:\/\/shinyyoustationery.com\/es\/wp-json\/wp\/v2\/product_brand?post=33610"},{"taxonomy":"product_cat","embeddable":true,"href":"http:\/\/shinyyoustationery.com\/es\/wp-json\/wp\/v2\/product_cat?post=33610"},{"taxonomy":"product_tag","embeddable":true,"href":"http:\/\/shinyyoustationery.com\/es\/wp-json\/wp\/v2\/product_tag?post=33610"}],"curies":[{"name":"wp","href":"https:\/\/api.w.org\/{rel}","templated":true}]}}