{"id":33629,"date":"2025-06-25T23:45:40","date_gmt":"2025-06-26T07:45:40","guid":{"rendered":"http:\/\/45.63.70.205\/?post_type=product&#038;p=33629"},"modified":"2025-06-25T23:45:40","modified_gmt":"2025-06-26T07:45:40","slug":"wholesale-custom-iridescent-a5-pu-leather-journal-with-pink-elastic-band-stylish-notebook-for-school-office","status":"publish","type":"product","link":"http:\/\/shinyyoustationery.com\/es\/wholesale-custom-iridescent-a5-pu-leather-journal-with-pink-elastic-band-stylish-notebook-for-school-office\/","title":{"rendered":"Mayorista Diario A5 de cuero PU iridiscente personalizado con banda el\u00e1stica rosa - Cuaderno con estilo para la escuela y la oficina"},"content":{"rendered":"","protected":false},"excerpt":{"rendered":"<p>Este asombroso diario A5 de piel de PU presenta una cubierta hologr\u00e1fica iridiscente con una suave banda el\u00e1stica rosa, lo que lo hace perfecto tanto para el colegio como para la oficina. La superficie lisa y reflectante a\u00f1ade un toque \u00fanico a tu colecci\u00f3n de papeler\u00eda. Ideal para tomar notas, escribir en un diario u organizar tus ideas con estilo, este duradero cuaderno garantiza que tus pensamientos se mantengan seguros y f\u00e1cilmente accesibles.<\/p>","protected":false},"featured_media":33633,"template":"","meta":[],"product_brand":[],"product_cat":[667,494,495,684],"product_tag":[],"class_list":{"0":"post-33629","1":"product","2":"type-product","3":"status-publish","4":"has-post-thumbnail","6":"product_cat-hardcover-notebook","7":"product_cat-composition-notebook","8":"product_cat-exercise-book","9":"product_cat-fashion-collection","11":"first","12":"instock","13":"shipping-taxable","14":"product-type-simple"},"_links":{"self":[{"href":"http:\/\/shinyyoustationery.com\/es\/wp-json\/wp\/v2\/product\/33629","targetHints":{"allow":["GET"]}}],"collection":[{"href":"http:\/\/shinyyoustationery.com\/es\/wp-json\/wp\/v2\/product"}],"about":[{"href":"http:\/\/shinyyoustationery.com\/es\/wp-json\/wp\/v2\/types\/product"}],"version-history":[{"count":0,"href":"http:\/\/shinyyoustationery.com\/es\/wp-json\/wp\/v2\/product\/33629\/revisions"}],"wp:featuredmedia":[{"embeddable":true,"href":"http:\/\/shinyyoustationery.com\/es\/wp-json\/wp\/v2\/media\/33633"}],"wp:attachment":[{"href":"http:\/\/shinyyoustationery.com\/es\/wp-json\/wp\/v2\/media?parent=33629"}],"wp:term":[{"taxonomy":"product_brand","embeddable":true,"href":"http:\/\/shinyyoustationery.com\/es\/wp-json\/wp\/v2\/product_brand?post=33629"},{"taxonomy":"product_cat","embeddable":true,"href":"http:\/\/shinyyoustationery.com\/es\/wp-json\/wp\/v2\/product_cat?post=33629"},{"taxonomy":"product_tag","embeddable":true,"href":"http:\/\/shinyyoustationery.com\/es\/wp-json\/wp\/v2\/product_tag?post=33629"}],"curies":[{"name":"wp","href":"https:\/\/api.w.org\/{rel}","templated":true}]}}