{"id":33638,"date":"2025-06-26T00:11:07","date_gmt":"2025-06-26T08:11:07","guid":{"rendered":"http:\/\/45.63.70.205\/?post_type=product&#038;p=33638"},"modified":"2025-06-26T00:20:02","modified_gmt":"2025-06-26T08:20:02","slug":"wholesale-custom-iridescent-a4-pu-hardcover-notebook-stylish-journal-for-office-school","status":"publish","type":"product","link":"http:\/\/shinyyoustationery.com\/es\/wholesale-custom-iridescent-a4-pu-hardcover-notebook-stylish-journal-for-office-school\/","title":{"rendered":"Mayorista Cuaderno de tapas duras de PU A4 iridiscente personalizado Diario con estilo para la oficina y la escuela"},"content":{"rendered":"","protected":false},"excerpt":{"rendered":"<p>Este cuaderno de piel de poliuretano tama\u00f1o A4 presenta una impresionante cubierta iridiscente con el llamativo estampado \"SAVAGE NOT AVERAGE\", que lo convierte en un complemento divertido y llamativo para tus art\u00edculos de oficina o escolares. Sus vibrantes colores cambian con la luz, a\u00f1adiendo un toque extra de estilo a tus apuntes. Su resistente tapa dura garantiza la protecci\u00f3n de las p\u00e1ginas, mientras que su amplio tama\u00f1o ofrece espacio suficiente para escribir, hacer bocetos y organizar tus pensamientos. Perfecto para aquellos a los que les gusta destacar.<\/p>","protected":false},"featured_media":33640,"template":"","meta":[],"product_brand":[],"product_cat":[495,494,667,684],"product_tag":[],"class_list":{"0":"post-33638","1":"product","2":"type-product","3":"status-publish","4":"has-post-thumbnail","6":"product_cat-exercise-book","7":"product_cat-composition-notebook","8":"product_cat-hardcover-notebook","9":"product_cat-fashion-collection","11":"first","12":"instock","13":"shipping-taxable","14":"product-type-simple"},"_links":{"self":[{"href":"http:\/\/shinyyoustationery.com\/es\/wp-json\/wp\/v2\/product\/33638","targetHints":{"allow":["GET"]}}],"collection":[{"href":"http:\/\/shinyyoustationery.com\/es\/wp-json\/wp\/v2\/product"}],"about":[{"href":"http:\/\/shinyyoustationery.com\/es\/wp-json\/wp\/v2\/types\/product"}],"version-history":[{"count":0,"href":"http:\/\/shinyyoustationery.com\/es\/wp-json\/wp\/v2\/product\/33638\/revisions"}],"wp:featuredmedia":[{"embeddable":true,"href":"http:\/\/shinyyoustationery.com\/es\/wp-json\/wp\/v2\/media\/33640"}],"wp:attachment":[{"href":"http:\/\/shinyyoustationery.com\/es\/wp-json\/wp\/v2\/media?parent=33638"}],"wp:term":[{"taxonomy":"product_brand","embeddable":true,"href":"http:\/\/shinyyoustationery.com\/es\/wp-json\/wp\/v2\/product_brand?post=33638"},{"taxonomy":"product_cat","embeddable":true,"href":"http:\/\/shinyyoustationery.com\/es\/wp-json\/wp\/v2\/product_cat?post=33638"},{"taxonomy":"product_tag","embeddable":true,"href":"http:\/\/shinyyoustationery.com\/es\/wp-json\/wp\/v2\/product_tag?post=33638"}],"curies":[{"name":"wp","href":"https:\/\/api.w.org\/{rel}","templated":true}]}}