{"id":33642,"date":"2025-06-26T00:22:00","date_gmt":"2025-06-26T08:22:00","guid":{"rendered":"http:\/\/45.63.70.205\/?post_type=product&#038;p=33642"},"modified":"2025-06-26T00:26:37","modified_gmt":"2025-06-26T08:26:37","slug":"wholesale-custom-teal-a4-hardcover-notebook-bold-journal-for-office-school","status":"publish","type":"product","link":"http:\/\/shinyyoustationery.com\/es\/wholesale-custom-teal-a4-hardcover-notebook-bold-journal-for-office-school\/","title":{"rendered":"Mayorista Cuaderno de tapas duras A4 al por mayor para la oficina y la escuela"},"content":{"rendered":"","protected":false},"excerpt":{"rendered":"<p>Este vibrante cuaderno A4 de tapa dura presenta un dise\u00f1o divertido con frases llamativas como \"GRL PWR\", \"BITE ME\" y \"OMG\", por lo que es perfecto para quienes adoran expresar su personalidad. Ideal para la oficina, la escuela o el uso personal, este cuaderno ofrece un amplio espacio para tomar notas, escribir y organizar sus pensamientos de una manera divertida y colorida. Su cubierta duradera garantiza la protecci\u00f3n de las p\u00e1ginas, mientras que su en\u00e9rgico dise\u00f1o aporta un aire fresco a tu espacio de trabajo.<\/p>","protected":false},"featured_media":33644,"template":"","meta":[],"product_brand":[],"product_cat":[495,494,667,684],"product_tag":[],"class_list":{"0":"post-33642","1":"product","2":"type-product","3":"status-publish","4":"has-post-thumbnail","6":"product_cat-exercise-book","7":"product_cat-composition-notebook","8":"product_cat-hardcover-notebook","9":"product_cat-fashion-collection","11":"first","12":"instock","13":"shipping-taxable","14":"product-type-simple"},"_links":{"self":[{"href":"http:\/\/shinyyoustationery.com\/es\/wp-json\/wp\/v2\/product\/33642","targetHints":{"allow":["GET"]}}],"collection":[{"href":"http:\/\/shinyyoustationery.com\/es\/wp-json\/wp\/v2\/product"}],"about":[{"href":"http:\/\/shinyyoustationery.com\/es\/wp-json\/wp\/v2\/types\/product"}],"version-history":[{"count":0,"href":"http:\/\/shinyyoustationery.com\/es\/wp-json\/wp\/v2\/product\/33642\/revisions"}],"wp:featuredmedia":[{"embeddable":true,"href":"http:\/\/shinyyoustationery.com\/es\/wp-json\/wp\/v2\/media\/33644"}],"wp:attachment":[{"href":"http:\/\/shinyyoustationery.com\/es\/wp-json\/wp\/v2\/media?parent=33642"}],"wp:term":[{"taxonomy":"product_brand","embeddable":true,"href":"http:\/\/shinyyoustationery.com\/es\/wp-json\/wp\/v2\/product_brand?post=33642"},{"taxonomy":"product_cat","embeddable":true,"href":"http:\/\/shinyyoustationery.com\/es\/wp-json\/wp\/v2\/product_cat?post=33642"},{"taxonomy":"product_tag","embeddable":true,"href":"http:\/\/shinyyoustationery.com\/es\/wp-json\/wp\/v2\/product_tag?post=33642"}],"curies":[{"name":"wp","href":"https:\/\/api.w.org\/{rel}","templated":true}]}}