{"id":33675,"date":"2025-06-26T03:59:51","date_gmt":"2025-06-26T11:59:51","guid":{"rendered":"http:\/\/45.63.70.205\/?post_type=product&#038;p=33675"},"modified":"2025-07-14T01:01:21","modified_gmt":"2025-07-14T09:01:21","slug":"pink-cosmetic-bag-stylish-and-transparent-organizer-for-makeup-accessories-or-travel","status":"publish","type":"product","link":"http:\/\/shinyyoustationery.com\/es\/pink-cosmetic-bag-stylish-and-transparent-organizer-for-makeup-accessories-or-travel\/","title":{"rendered":"Neceser rosa - Organizador elegante y transparente para maquillaje, accesorios o viajes"},"content":{"rendered":"","protected":false},"excerpt":{"rendered":"<p>Mant\u00e9n tus cosas organizadas y a la moda con el <strong data-start=\"193\" data-end=\"214\">Moda Mini Girl<\/strong> neceser rosa. Fabricado con un material resistente y transparente, este neceser luce un llamativo estampado \"FASHION MINI GIRL\" y es perfecto para guardar maquillaje, peque\u00f1os accesorios o art\u00edculos de viaje. Su tama\u00f1o compacto y su llamativo dise\u00f1o la convierten en la opci\u00f3n ideal para llevarla a todas partes, ya sea a la oficina, al gimnasio o de viaje de fin de semana. Elegante, pr\u00e1ctico y divertido: el complemento perfecto para tus objetos de uso diario.<\/p>","protected":false},"featured_media":33694,"template":"","meta":[],"product_brand":[],"product_cat":[700,404,533,537],"product_tag":[],"class_list":{"0":"post-33675","1":"product","2":"type-product","3":"status-publish","4":"has-post-thumbnail","6":"product_cat-hot-pink-power-girl-collection","7":"product_cat-bags-cases","8":"product_cat-organizer-bag","9":"product_cat-cosmetic-bag","11":"first","12":"instock","13":"shipping-taxable","14":"product-type-simple"},"_links":{"self":[{"href":"http:\/\/shinyyoustationery.com\/es\/wp-json\/wp\/v2\/product\/33675","targetHints":{"allow":["GET"]}}],"collection":[{"href":"http:\/\/shinyyoustationery.com\/es\/wp-json\/wp\/v2\/product"}],"about":[{"href":"http:\/\/shinyyoustationery.com\/es\/wp-json\/wp\/v2\/types\/product"}],"version-history":[{"count":0,"href":"http:\/\/shinyyoustationery.com\/es\/wp-json\/wp\/v2\/product\/33675\/revisions"}],"wp:featuredmedia":[{"embeddable":true,"href":"http:\/\/shinyyoustationery.com\/es\/wp-json\/wp\/v2\/media\/33694"}],"wp:attachment":[{"href":"http:\/\/shinyyoustationery.com\/es\/wp-json\/wp\/v2\/media?parent=33675"}],"wp:term":[{"taxonomy":"product_brand","embeddable":true,"href":"http:\/\/shinyyoustationery.com\/es\/wp-json\/wp\/v2\/product_brand?post=33675"},{"taxonomy":"product_cat","embeddable":true,"href":"http:\/\/shinyyoustationery.com\/es\/wp-json\/wp\/v2\/product_cat?post=33675"},{"taxonomy":"product_tag","embeddable":true,"href":"http:\/\/shinyyoustationery.com\/es\/wp-json\/wp\/v2\/product_tag?post=33675"}],"curies":[{"name":"wp","href":"https:\/\/api.w.org\/{rel}","templated":true}]}}