{"id":33707,"date":"2025-06-26T18:38:40","date_gmt":"2025-06-27T02:38:40","guid":{"rendered":"http:\/\/45.63.70.205\/?post_type=product&#038;p=33707"},"modified":"2025-07-07T15:32:19","modified_gmt":"2025-07-07T07:32:19","slug":"wholesale-custom-pixel-chomp-diy-coloring-tote-bag-eco-friendly-bag-for-creative-kids-and-adults","status":"publish","type":"product","link":"http:\/\/shinyyoustationery.com\/es\/wholesale-custom-pixel-chomp-diy-coloring-tote-bag-eco-friendly-bag-for-creative-kids-and-adults\/","title":{"rendered":"Mayorista Custom Pixel &amp; Chomp DIY Coloring Tote Bag - Bolsa ecol\u00f3gica para ni\u00f1os y adultos creativos"},"content":{"rendered":"","protected":false},"excerpt":{"rendered":"<p>Da rienda suelta a tu creatividad con la bolsa para colorear \"Pixel &amp; Chomp\". Esta bolsa \u00fanica viene con un set de rotuladores de colores, que te permitir\u00e1n personalizar el divertido personaje Pixel &amp; Chomp a tu gusto. Perfecta para ni\u00f1os, artistas o cualquiera a quien le guste a\u00f1adir un toque personal a sus accesorios. Fabricada en algod\u00f3n resistente de color beige claro, esta bolsa de asas ecol\u00f3gica es ideal para llevar los objetos cotidianos y mostrar al mismo tiempo tu talento art\u00edstico. Ya sea para un d\u00eda de excursi\u00f3n, para ir al colegio o para un proyecto de manualidades, \u00a1esta bolsa no pasar\u00e1 desapercibida!<\/p>","protected":false},"featured_media":33702,"template":"","meta":[],"product_brand":[],"product_cat":[404,535,701,705],"product_tag":[],"class_list":{"0":"post-33707","1":"product","2":"type-product","3":"status-publish","4":"has-post-thumbnail","6":"product_cat-bags-cases","7":"product_cat-storage-bag","8":"product_cat-pixel-chomp-collection","9":"product_cat-tote-bag","11":"first","12":"instock","13":"shipping-taxable","14":"product-type-simple"},"_links":{"self":[{"href":"http:\/\/shinyyoustationery.com\/es\/wp-json\/wp\/v2\/product\/33707","targetHints":{"allow":["GET"]}}],"collection":[{"href":"http:\/\/shinyyoustationery.com\/es\/wp-json\/wp\/v2\/product"}],"about":[{"href":"http:\/\/shinyyoustationery.com\/es\/wp-json\/wp\/v2\/types\/product"}],"version-history":[{"count":0,"href":"http:\/\/shinyyoustationery.com\/es\/wp-json\/wp\/v2\/product\/33707\/revisions"}],"wp:featuredmedia":[{"embeddable":true,"href":"http:\/\/shinyyoustationery.com\/es\/wp-json\/wp\/v2\/media\/33702"}],"wp:attachment":[{"href":"http:\/\/shinyyoustationery.com\/es\/wp-json\/wp\/v2\/media?parent=33707"}],"wp:term":[{"taxonomy":"product_brand","embeddable":true,"href":"http:\/\/shinyyoustationery.com\/es\/wp-json\/wp\/v2\/product_brand?post=33707"},{"taxonomy":"product_cat","embeddable":true,"href":"http:\/\/shinyyoustationery.com\/es\/wp-json\/wp\/v2\/product_cat?post=33707"},{"taxonomy":"product_tag","embeddable":true,"href":"http:\/\/shinyyoustationery.com\/es\/wp-json\/wp\/v2\/product_tag?post=33707"}],"curies":[{"name":"wp","href":"https:\/\/api.w.org\/{rel}","templated":true}]}}