{"id":33711,"date":"2025-06-26T19:21:08","date_gmt":"2025-06-27T03:21:08","guid":{"rendered":"http:\/\/45.63.70.205\/?post_type=product&#038;p=33711"},"modified":"2025-07-08T14:53:27","modified_gmt":"2025-07-08T06:53:27","slug":"wholesale-custom-clear-pencil-case-for-school-office","status":"publish","type":"product","link":"http:\/\/shinyyoustationery.com\/es\/wholesale-custom-clear-pencil-case-for-school-office\/","title":{"rendered":"Mayorista Estuche transparente personalizado para escuela y oficina"},"content":{"rendered":"","protected":false},"excerpt":{"rendered":"<p>Este estuche transparente es perfecto tanto para estudiantes como para profesionales. Con una duradera cremallera azul y un dise\u00f1o transparente, es f\u00e1cil organizar y encontrar tus \u00fatiles. El estuche tiene capacidad para todo, desde bol\u00edgrafos y l\u00e1pices hasta peque\u00f1os utensilios de oficina, lo que lo convierte en una opci\u00f3n ideal tanto para la escuela como para el trabajo. Con su dise\u00f1o pr\u00e1ctico y elegante, este estuche es tan elegante como funcional.<\/p>","protected":false},"featured_media":33712,"template":"","meta":[],"product_brand":[],"product_cat":[520,474,702],"product_tag":[],"class_list":{"0":"post-33711","1":"product","2":"type-product","3":"status-publish","4":"has-post-thumbnail","6":"product_cat-pencil-case-pouch","7":"product_cat-kids-stationery","8":"product_cat-arts-crafts-collection","10":"first","11":"instock","12":"shipping-taxable","13":"product-type-simple"},"_links":{"self":[{"href":"http:\/\/shinyyoustationery.com\/es\/wp-json\/wp\/v2\/product\/33711","targetHints":{"allow":["GET"]}}],"collection":[{"href":"http:\/\/shinyyoustationery.com\/es\/wp-json\/wp\/v2\/product"}],"about":[{"href":"http:\/\/shinyyoustationery.com\/es\/wp-json\/wp\/v2\/types\/product"}],"version-history":[{"count":0,"href":"http:\/\/shinyyoustationery.com\/es\/wp-json\/wp\/v2\/product\/33711\/revisions"}],"wp:featuredmedia":[{"embeddable":true,"href":"http:\/\/shinyyoustationery.com\/es\/wp-json\/wp\/v2\/media\/33712"}],"wp:attachment":[{"href":"http:\/\/shinyyoustationery.com\/es\/wp-json\/wp\/v2\/media?parent=33711"}],"wp:term":[{"taxonomy":"product_brand","embeddable":true,"href":"http:\/\/shinyyoustationery.com\/es\/wp-json\/wp\/v2\/product_brand?post=33711"},{"taxonomy":"product_cat","embeddable":true,"href":"http:\/\/shinyyoustationery.com\/es\/wp-json\/wp\/v2\/product_cat?post=33711"},{"taxonomy":"product_tag","embeddable":true,"href":"http:\/\/shinyyoustationery.com\/es\/wp-json\/wp\/v2\/product_tag?post=33711"}],"curies":[{"name":"wp","href":"https:\/\/api.w.org\/{rel}","templated":true}]}}