{"id":33723,"date":"2025-06-26T21:16:54","date_gmt":"2025-06-27T05:16:54","guid":{"rendered":"http:\/\/45.63.70.205\/?post_type=product&#038;p=33723"},"modified":"2025-07-14T00:59:07","modified_gmt":"2025-07-14T08:59:07","slug":"transparent-pink-travel-cosmetic-bag-stylish-and-compact-makeup-organizer","status":"publish","type":"product","link":"http:\/\/shinyyoustationery.com\/es\/transparent-pink-travel-cosmetic-bag-stylish-and-compact-makeup-organizer\/","title":{"rendered":"Neceser de viaje rosa transparente Organizador de maquillaje compacto y con estilo"},"content":{"rendered":"","protected":false},"excerpt":{"rendered":"<p>Este elegante neceser transparente con llamativos bordes rosas es el accesorio perfecto para las amantes de la belleza. Su dise\u00f1o compacto lo hace ideal para viajar, ya que te ayuda a organizar tus b\u00e1sicos de maquillaje manteni\u00e9ndolos visibles y de f\u00e1cil acceso. El acabado rosa brillante a\u00f1ade un toque de diversi\u00f3n, por lo que es pr\u00e1ctico y moderno para el uso diario. Ya sea para uso diario o para viajar, este neceser es imprescindible para organizar sus art\u00edculos de belleza.<\/p>","protected":false},"featured_media":33724,"template":"","meta":[],"product_brand":[],"product_cat":[537,404,533,700],"product_tag":[],"class_list":{"0":"post-33723","1":"product","2":"type-product","3":"status-publish","4":"has-post-thumbnail","6":"product_cat-cosmetic-bag","7":"product_cat-bags-cases","8":"product_cat-organizer-bag","9":"product_cat-hot-pink-power-girl-collection","11":"first","12":"instock","13":"shipping-taxable","14":"product-type-simple"},"_links":{"self":[{"href":"http:\/\/shinyyoustationery.com\/es\/wp-json\/wp\/v2\/product\/33723","targetHints":{"allow":["GET"]}}],"collection":[{"href":"http:\/\/shinyyoustationery.com\/es\/wp-json\/wp\/v2\/product"}],"about":[{"href":"http:\/\/shinyyoustationery.com\/es\/wp-json\/wp\/v2\/types\/product"}],"version-history":[{"count":0,"href":"http:\/\/shinyyoustationery.com\/es\/wp-json\/wp\/v2\/product\/33723\/revisions"}],"wp:featuredmedia":[{"embeddable":true,"href":"http:\/\/shinyyoustationery.com\/es\/wp-json\/wp\/v2\/media\/33724"}],"wp:attachment":[{"href":"http:\/\/shinyyoustationery.com\/es\/wp-json\/wp\/v2\/media?parent=33723"}],"wp:term":[{"taxonomy":"product_brand","embeddable":true,"href":"http:\/\/shinyyoustationery.com\/es\/wp-json\/wp\/v2\/product_brand?post=33723"},{"taxonomy":"product_cat","embeddable":true,"href":"http:\/\/shinyyoustationery.com\/es\/wp-json\/wp\/v2\/product_cat?post=33723"},{"taxonomy":"product_tag","embeddable":true,"href":"http:\/\/shinyyoustationery.com\/es\/wp-json\/wp\/v2\/product_tag?post=33723"}],"curies":[{"name":"wp","href":"https:\/\/api.w.org\/{rel}","templated":true}]}}