{"id":33726,"date":"2025-06-26T21:21:25","date_gmt":"2025-06-27T05:21:25","guid":{"rendered":"http:\/\/45.63.70.205\/?post_type=product&#038;p=33726"},"modified":"2025-07-07T15:30:45","modified_gmt":"2025-07-07T07:30:45","slug":"trendy-pink-cosmetic-bag-stylish-pouch-for-makeup-lovers","status":"publish","type":"product","link":"http:\/\/shinyyoustationery.com\/es\/trendy-pink-cosmetic-bag-stylish-pouch-for-makeup-lovers\/","title":{"rendered":"Moderno neceser rosa con estilo para amantes del maquillaje"},"content":{"rendered":"","protected":false},"excerpt":{"rendered":"<p>Este neceser rosa vibrante es perfecto para las amantes de las cosas brillantes y atrevidas. Con el divertido dise\u00f1o \"PINK\", este neceser es ideal para organizar el maquillaje o los peque\u00f1os accesorios. El material brillante y transparente le da un toque moderno, convirti\u00e9ndolo en un accesorio llamativo para el uso diario o los viajes. Compacto pero espacioso, es la elecci\u00f3n perfecta para guardar tus objetos de belleza con estilo.<\/p>","protected":false},"featured_media":33727,"template":"","meta":[],"product_brand":[],"product_cat":[537,533,700,404],"product_tag":[],"class_list":{"0":"post-33726","1":"product","2":"type-product","3":"status-publish","4":"has-post-thumbnail","6":"product_cat-cosmetic-bag","7":"product_cat-organizer-bag","8":"product_cat-hot-pink-power-girl-collection","9":"product_cat-bags-cases","11":"first","12":"instock","13":"shipping-taxable","14":"product-type-simple"},"_links":{"self":[{"href":"http:\/\/shinyyoustationery.com\/es\/wp-json\/wp\/v2\/product\/33726","targetHints":{"allow":["GET"]}}],"collection":[{"href":"http:\/\/shinyyoustationery.com\/es\/wp-json\/wp\/v2\/product"}],"about":[{"href":"http:\/\/shinyyoustationery.com\/es\/wp-json\/wp\/v2\/types\/product"}],"version-history":[{"count":0,"href":"http:\/\/shinyyoustationery.com\/es\/wp-json\/wp\/v2\/product\/33726\/revisions"}],"wp:featuredmedia":[{"embeddable":true,"href":"http:\/\/shinyyoustationery.com\/es\/wp-json\/wp\/v2\/media\/33727"}],"wp:attachment":[{"href":"http:\/\/shinyyoustationery.com\/es\/wp-json\/wp\/v2\/media?parent=33726"}],"wp:term":[{"taxonomy":"product_brand","embeddable":true,"href":"http:\/\/shinyyoustationery.com\/es\/wp-json\/wp\/v2\/product_brand?post=33726"},{"taxonomy":"product_cat","embeddable":true,"href":"http:\/\/shinyyoustationery.com\/es\/wp-json\/wp\/v2\/product_cat?post=33726"},{"taxonomy":"product_tag","embeddable":true,"href":"http:\/\/shinyyoustationery.com\/es\/wp-json\/wp\/v2\/product_tag?post=33726"}],"curies":[{"name":"wp","href":"https:\/\/api.w.org\/{rel}","templated":true}]}}