{"id":33735,"date":"2025-06-26T21:31:30","date_gmt":"2025-06-27T05:31:30","guid":{"rendered":"http:\/\/45.63.70.205\/?post_type=product&#038;p=33735"},"modified":"2025-07-14T00:57:17","modified_gmt":"2025-07-14T08:57:17","slug":"colorful-iridescent-pencil-case-with-heart-pom-pom-fun-and-fashionable-organizer","status":"publish","type":"product","link":"http:\/\/shinyyoustationery.com\/es\/colorful-iridescent-pencil-case-with-heart-pom-pom-fun-and-fashionable-organizer\/","title":{"rendered":"Estuche iridiscente de colores con coraz\u00f3n y pomp\u00f3n Organizador divertido y a la moda"},"content":{"rendered":"","protected":false},"excerpt":{"rendered":"<p>A\u00f1ade un toque divertido a tu colecci\u00f3n de papeler\u00eda con este estuche iridiscente. Con un bonito dise\u00f1o de coraz\u00f3n y un esponjoso tirador de cremallera en forma de pomp\u00f3n, este vibrante estuche multicolor es perfecto para mantener organizados tus bol\u00edgrafos, l\u00e1pices y peque\u00f1os accesorios. Su acabado brillante, como el arco iris, capta la luz de formas \u00fanicas, lo que la hace funcional y moderna a la vez. Ideal para estudiantes, artistas o cualquiera a quien le guste a\u00f1adir un toque de color a sus objetos cotidianos.<\/p>","protected":false},"featured_media":33737,"template":"","meta":[],"product_brand":[],"product_cat":[520,404,700],"product_tag":[],"class_list":{"0":"post-33735","1":"product","2":"type-product","3":"status-publish","4":"has-post-thumbnail","6":"product_cat-pencil-case-pouch","7":"product_cat-bags-cases","8":"product_cat-hot-pink-power-girl-collection","10":"first","11":"instock","12":"shipping-taxable","13":"product-type-simple"},"_links":{"self":[{"href":"http:\/\/shinyyoustationery.com\/es\/wp-json\/wp\/v2\/product\/33735","targetHints":{"allow":["GET"]}}],"collection":[{"href":"http:\/\/shinyyoustationery.com\/es\/wp-json\/wp\/v2\/product"}],"about":[{"href":"http:\/\/shinyyoustationery.com\/es\/wp-json\/wp\/v2\/types\/product"}],"version-history":[{"count":0,"href":"http:\/\/shinyyoustationery.com\/es\/wp-json\/wp\/v2\/product\/33735\/revisions"}],"wp:featuredmedia":[{"embeddable":true,"href":"http:\/\/shinyyoustationery.com\/es\/wp-json\/wp\/v2\/media\/33737"}],"wp:attachment":[{"href":"http:\/\/shinyyoustationery.com\/es\/wp-json\/wp\/v2\/media?parent=33735"}],"wp:term":[{"taxonomy":"product_brand","embeddable":true,"href":"http:\/\/shinyyoustationery.com\/es\/wp-json\/wp\/v2\/product_brand?post=33735"},{"taxonomy":"product_cat","embeddable":true,"href":"http:\/\/shinyyoustationery.com\/es\/wp-json\/wp\/v2\/product_cat?post=33735"},{"taxonomy":"product_tag","embeddable":true,"href":"http:\/\/shinyyoustationery.com\/es\/wp-json\/wp\/v2\/product_tag?post=33735"}],"curies":[{"name":"wp","href":"https:\/\/api.w.org\/{rel}","templated":true}]}}