{"id":33739,"date":"2025-06-26T21:41:31","date_gmt":"2025-06-27T05:41:31","guid":{"rendered":"http:\/\/45.63.70.205\/?post_type=product&#038;p=33739"},"modified":"2025-07-14T00:57:29","modified_gmt":"2025-07-14T08:57:29","slug":"pink-cat-themed-iridescent-pencil-case-with-pom-pom-cute-and-stylish-organizer","status":"publish","type":"product","link":"http:\/\/shinyyoustationery.com\/es\/pink-cat-themed-iridescent-pencil-case-with-pom-pom-cute-and-stylish-organizer\/","title":{"rendered":"Estuche iridiscente con tema de gato rosa con pomp\u00f3n Organizador bonito y con estilo"},"content":{"rendered":"","protected":false},"excerpt":{"rendered":"<p>Este divertido estuche combina diversi\u00f3n y funcionalidad con su vibrante color rosa y su simp\u00e1tico dise\u00f1o inspirado en un gato. Con un acabado iridiscente y un esponjoso pomp\u00f3n en el tirador de la cremallera, es perfecto para estudiantes, artistas o cualquier persona a la que le gusten los accesorios extravagantes. La parte superior transparente permite ver f\u00e1cilmente el contenido y mantenerlo organizado. Compacto y elegante, este estuche es ideal para el colegio, los viajes o el uso diario.<\/p>","protected":false},"featured_media":33741,"template":"","meta":[],"product_brand":[],"product_cat":[520,700,404],"product_tag":[],"class_list":{"0":"post-33739","1":"product","2":"type-product","3":"status-publish","4":"has-post-thumbnail","6":"product_cat-pencil-case-pouch","7":"product_cat-hot-pink-power-girl-collection","8":"product_cat-bags-cases","10":"first","11":"instock","12":"shipping-taxable","13":"product-type-simple"},"_links":{"self":[{"href":"http:\/\/shinyyoustationery.com\/es\/wp-json\/wp\/v2\/product\/33739","targetHints":{"allow":["GET"]}}],"collection":[{"href":"http:\/\/shinyyoustationery.com\/es\/wp-json\/wp\/v2\/product"}],"about":[{"href":"http:\/\/shinyyoustationery.com\/es\/wp-json\/wp\/v2\/types\/product"}],"version-history":[{"count":0,"href":"http:\/\/shinyyoustationery.com\/es\/wp-json\/wp\/v2\/product\/33739\/revisions"}],"wp:featuredmedia":[{"embeddable":true,"href":"http:\/\/shinyyoustationery.com\/es\/wp-json\/wp\/v2\/media\/33741"}],"wp:attachment":[{"href":"http:\/\/shinyyoustationery.com\/es\/wp-json\/wp\/v2\/media?parent=33739"}],"wp:term":[{"taxonomy":"product_brand","embeddable":true,"href":"http:\/\/shinyyoustationery.com\/es\/wp-json\/wp\/v2\/product_brand?post=33739"},{"taxonomy":"product_cat","embeddable":true,"href":"http:\/\/shinyyoustationery.com\/es\/wp-json\/wp\/v2\/product_cat?post=33739"},{"taxonomy":"product_tag","embeddable":true,"href":"http:\/\/shinyyoustationery.com\/es\/wp-json\/wp\/v2\/product_tag?post=33739"}],"curies":[{"name":"wp","href":"https:\/\/api.w.org\/{rel}","templated":true}]}}