{"id":33743,"date":"2025-06-26T21:44:32","date_gmt":"2025-06-27T05:44:32","guid":{"rendered":"http:\/\/45.63.70.205\/?post_type=product&#038;p=33743"},"modified":"2025-07-14T00:57:44","modified_gmt":"2025-07-14T08:57:44","slug":"magic-themed-iridescent-pencil-case-with-pom-pom-fun-and-whimsical-organizer","status":"publish","type":"product","link":"http:\/\/shinyyoustationery.com\/es\/magic-themed-iridescent-pencil-case-with-pom-pom-fun-and-whimsical-organizer\/","title":{"rendered":"Estuche M\u00e1gico Iridiscente con Pom Pom Divertido y Caprichoso Organizador"},"content":{"rendered":"","protected":false},"excerpt":{"rendered":"<p>Este estuche m\u00e1gico e iridiscente aporta un toque de encanto a tus objetos cotidianos. Con la palabra \"Magic\" en llamativas letras rosas y complementado con un colorido pomp\u00f3n en el tirador de la cremallera, este divertido y elegante estuche es perfecto para guardar bol\u00edgrafos, l\u00e1pices y otros objetos peque\u00f1os. Sus vibrantes colores cambian seg\u00fan incida la luz, a\u00f1adiendo un caprichoso encanto perfecto para estudiantes, artistas o cualquier persona a la que le guste un poco de magia en su d\u00eda a d\u00eda.<\/p>","protected":false},"featured_media":33745,"template":"","meta":[],"product_brand":[],"product_cat":[520,404,700],"product_tag":[],"class_list":{"0":"post-33743","1":"product","2":"type-product","3":"status-publish","4":"has-post-thumbnail","6":"product_cat-pencil-case-pouch","7":"product_cat-bags-cases","8":"product_cat-hot-pink-power-girl-collection","10":"first","11":"instock","12":"shipping-taxable","13":"product-type-simple"},"_links":{"self":[{"href":"http:\/\/shinyyoustationery.com\/es\/wp-json\/wp\/v2\/product\/33743","targetHints":{"allow":["GET"]}}],"collection":[{"href":"http:\/\/shinyyoustationery.com\/es\/wp-json\/wp\/v2\/product"}],"about":[{"href":"http:\/\/shinyyoustationery.com\/es\/wp-json\/wp\/v2\/types\/product"}],"version-history":[{"count":0,"href":"http:\/\/shinyyoustationery.com\/es\/wp-json\/wp\/v2\/product\/33743\/revisions"}],"wp:featuredmedia":[{"embeddable":true,"href":"http:\/\/shinyyoustationery.com\/es\/wp-json\/wp\/v2\/media\/33745"}],"wp:attachment":[{"href":"http:\/\/shinyyoustationery.com\/es\/wp-json\/wp\/v2\/media?parent=33743"}],"wp:term":[{"taxonomy":"product_brand","embeddable":true,"href":"http:\/\/shinyyoustationery.com\/es\/wp-json\/wp\/v2\/product_brand?post=33743"},{"taxonomy":"product_cat","embeddable":true,"href":"http:\/\/shinyyoustationery.com\/es\/wp-json\/wp\/v2\/product_cat?post=33743"},{"taxonomy":"product_tag","embeddable":true,"href":"http:\/\/shinyyoustationery.com\/es\/wp-json\/wp\/v2\/product_tag?post=33743"}],"curies":[{"name":"wp","href":"https:\/\/api.w.org\/{rel}","templated":true}]}}