{"id":33748,"date":"2025-06-26T21:46:38","date_gmt":"2025-06-27T05:46:38","guid":{"rendered":"http:\/\/45.63.70.205\/?post_type=product&#038;p=33748"},"modified":"2025-06-26T21:51:02","modified_gmt":"2025-06-27T05:51:02","slug":"enjoy-themed-iridescent-pencil-case-vibrant-fun-and-practical-organizer","status":"publish","type":"product","link":"http:\/\/shinyyoustationery.com\/es\/enjoy-themed-iridescent-pencil-case-vibrant-fun-and-practical-organizer\/","title":{"rendered":"Estuche para l\u00e1pices iridiscente con tema Enjoy Organizador vibrante, divertido y pr\u00e1ctico"},"content":{"rendered":"","protected":false},"excerpt":{"rendered":"<p>Este estuche iridiscente aporta un toque de color y alegr\u00eda a tus objetos de uso diario. Con el alegre lema \"ENJOY\" y una cara sonriente, este divertido y elegante estuche es perfecto para a\u00f1adir positividad a tu material escolar o de oficina. Su dise\u00f1o colorido y brillante y su cremallera rosa brillante lo hacen llamativo y pr\u00e1ctico a la vez para organizar tus bol\u00edgrafos, l\u00e1pices y peque\u00f1os accesorios. Ya est\u00e9s en el colegio, en el trabajo o de viaje, \u00a1este estuche seguro que te har\u00e1 feliz!<\/p>","protected":false},"featured_media":33750,"template":"","meta":[],"product_brand":[],"product_cat":[520,404,700],"product_tag":[],"class_list":{"0":"post-33748","1":"product","2":"type-product","3":"status-publish","4":"has-post-thumbnail","6":"product_cat-pencil-case-pouch","7":"product_cat-bags-cases","8":"product_cat-hot-pink-power-girl-collection","10":"first","11":"instock","12":"shipping-taxable","13":"product-type-simple"},"_links":{"self":[{"href":"http:\/\/shinyyoustationery.com\/es\/wp-json\/wp\/v2\/product\/33748","targetHints":{"allow":["GET"]}}],"collection":[{"href":"http:\/\/shinyyoustationery.com\/es\/wp-json\/wp\/v2\/product"}],"about":[{"href":"http:\/\/shinyyoustationery.com\/es\/wp-json\/wp\/v2\/types\/product"}],"version-history":[{"count":0,"href":"http:\/\/shinyyoustationery.com\/es\/wp-json\/wp\/v2\/product\/33748\/revisions"}],"wp:featuredmedia":[{"embeddable":true,"href":"http:\/\/shinyyoustationery.com\/es\/wp-json\/wp\/v2\/media\/33750"}],"wp:attachment":[{"href":"http:\/\/shinyyoustationery.com\/es\/wp-json\/wp\/v2\/media?parent=33748"}],"wp:term":[{"taxonomy":"product_brand","embeddable":true,"href":"http:\/\/shinyyoustationery.com\/es\/wp-json\/wp\/v2\/product_brand?post=33748"},{"taxonomy":"product_cat","embeddable":true,"href":"http:\/\/shinyyoustationery.com\/es\/wp-json\/wp\/v2\/product_cat?post=33748"},{"taxonomy":"product_tag","embeddable":true,"href":"http:\/\/shinyyoustationery.com\/es\/wp-json\/wp\/v2\/product_tag?post=33748"}],"curies":[{"name":"wp","href":"https:\/\/api.w.org\/{rel}","templated":true}]}}