{"id":33779,"date":"2025-06-26T22:52:44","date_gmt":"2025-06-27T06:52:44","guid":{"rendered":"http:\/\/45.63.70.205\/?post_type=product&#038;p=33779"},"modified":"2025-07-07T15:23:18","modified_gmt":"2025-07-07T07:23:18","slug":"pink-heart-studded-pencil-case-trendy-organizer-for-school-or-travel","status":"publish","type":"product","link":"http:\/\/shinyyoustationery.com\/es\/pink-heart-studded-pencil-case-trendy-organizer-for-school-or-travel\/","title":{"rendered":"Estuche para l\u00e1pices con tachuelas en forma de coraz\u00f3n rosa - Organizador de moda para la escuela o de viaje"},"content":{"rendered":"","protected":false},"excerpt":{"rendered":"<p>Este divertido estuche rosa con brillantes tachuelas en forma de coraz\u00f3n a\u00f1ade un toque moderno a tus art\u00edculos escolares o de viaje. El material transparente te permite ver y organizar f\u00e1cilmente tus bol\u00edgrafos, l\u00e1pices o peque\u00f1os accesorios. Perfecto para estudiantes, artistas o cualquiera a quien le gusten los accesorios divertidos y con estilo. Su dise\u00f1o compacto lo hace ideal para llevarlo de viaje, a la vez que mantiene sus \u00fatiles organizados de forma elegante.<\/p>","protected":false},"featured_media":33780,"template":"","meta":[],"product_brand":[],"product_cat":[404,477,520,700,716],"product_tag":[],"class_list":{"0":"post-33779","1":"product","2":"type-product","3":"status-publish","4":"has-post-thumbnail","6":"product_cat-bags-cases","7":"product_cat-school-bags","8":"product_cat-pencil-case-pouch","9":"product_cat-hot-pink-power-girl-collection","10":"product_cat-coin-purse","12":"first","13":"instock","14":"shipping-taxable","15":"product-type-simple"},"_links":{"self":[{"href":"http:\/\/shinyyoustationery.com\/es\/wp-json\/wp\/v2\/product\/33779","targetHints":{"allow":["GET"]}}],"collection":[{"href":"http:\/\/shinyyoustationery.com\/es\/wp-json\/wp\/v2\/product"}],"about":[{"href":"http:\/\/shinyyoustationery.com\/es\/wp-json\/wp\/v2\/types\/product"}],"version-history":[{"count":0,"href":"http:\/\/shinyyoustationery.com\/es\/wp-json\/wp\/v2\/product\/33779\/revisions"}],"wp:featuredmedia":[{"embeddable":true,"href":"http:\/\/shinyyoustationery.com\/es\/wp-json\/wp\/v2\/media\/33780"}],"wp:attachment":[{"href":"http:\/\/shinyyoustationery.com\/es\/wp-json\/wp\/v2\/media?parent=33779"}],"wp:term":[{"taxonomy":"product_brand","embeddable":true,"href":"http:\/\/shinyyoustationery.com\/es\/wp-json\/wp\/v2\/product_brand?post=33779"},{"taxonomy":"product_cat","embeddable":true,"href":"http:\/\/shinyyoustationery.com\/es\/wp-json\/wp\/v2\/product_cat?post=33779"},{"taxonomy":"product_tag","embeddable":true,"href":"http:\/\/shinyyoustationery.com\/es\/wp-json\/wp\/v2\/product_tag?post=33779"}],"curies":[{"name":"wp","href":"https:\/\/api.w.org\/{rel}","templated":true}]}}