{"id":33783,"date":"2025-06-26T23:20:17","date_gmt":"2025-06-27T07:20:17","guid":{"rendered":"http:\/\/45.63.70.205\/?post_type=product&#038;p=33783"},"modified":"2025-06-26T23:20:17","modified_gmt":"2025-06-27T07:20:17","slug":"pink-iridescent-mini-backpack-stylish-fun-for-teens-and-kids","status":"publish","type":"product","link":"http:\/\/shinyyoustationery.com\/es\/pink-iridescent-mini-backpack-stylish-fun-for-teens-and-kids\/","title":{"rendered":"Mini mochila rosa iridiscente - Elegante y divertida para adolescentes y ni\u00f1os"},"content":{"rendered":"","protected":false},"excerpt":{"rendered":"<p>Esta llamativa mini mochila presenta un vibrante acabado rosa iridiscente, perfecto para las amantes de los accesorios atrevidos y coloridos. Con una cremallera dorada y un dise\u00f1o elegante, es a la vez moderna y pr\u00e1ctica para llevar tus objetos esenciales diarios, ya sea para ir al colegio, de viaje o para salidas informales. Su tama\u00f1o compacto y su acabado brillante la convierten en una pieza destacada para cualquiera que busque a\u00f1adir un toque de diversi\u00f3n y estilo a su vestuario.<\/p>","protected":false},"featured_media":33784,"template":"","meta":[],"product_brand":[],"product_cat":[700,517,518],"product_tag":[],"class_list":{"0":"post-33783","1":"product","2":"type-product","3":"status-publish","4":"has-post-thumbnail","6":"product_cat-hot-pink-power-girl-collection","7":"product_cat-backpack","8":"product_cat-school-backpack","10":"first","11":"instock","12":"shipping-taxable","13":"product-type-simple"},"_links":{"self":[{"href":"http:\/\/shinyyoustationery.com\/es\/wp-json\/wp\/v2\/product\/33783","targetHints":{"allow":["GET"]}}],"collection":[{"href":"http:\/\/shinyyoustationery.com\/es\/wp-json\/wp\/v2\/product"}],"about":[{"href":"http:\/\/shinyyoustationery.com\/es\/wp-json\/wp\/v2\/types\/product"}],"version-history":[{"count":0,"href":"http:\/\/shinyyoustationery.com\/es\/wp-json\/wp\/v2\/product\/33783\/revisions"}],"wp:featuredmedia":[{"embeddable":true,"href":"http:\/\/shinyyoustationery.com\/es\/wp-json\/wp\/v2\/media\/33784"}],"wp:attachment":[{"href":"http:\/\/shinyyoustationery.com\/es\/wp-json\/wp\/v2\/media?parent=33783"}],"wp:term":[{"taxonomy":"product_brand","embeddable":true,"href":"http:\/\/shinyyoustationery.com\/es\/wp-json\/wp\/v2\/product_brand?post=33783"},{"taxonomy":"product_cat","embeddable":true,"href":"http:\/\/shinyyoustationery.com\/es\/wp-json\/wp\/v2\/product_cat?post=33783"},{"taxonomy":"product_tag","embeddable":true,"href":"http:\/\/shinyyoustationery.com\/es\/wp-json\/wp\/v2\/product_tag?post=33783"}],"curies":[{"name":"wp","href":"https:\/\/api.w.org\/{rel}","templated":true}]}}