{"id":33790,"date":"2025-06-26T23:43:17","date_gmt":"2025-06-27T07:43:17","guid":{"rendered":"http:\/\/45.63.70.205\/?post_type=product&#038;p=33790"},"modified":"2025-07-07T15:32:33","modified_gmt":"2025-07-07T07:32:33","slug":"hot-pink-tote-bag-trendy-and-functional-for-school-or-office","status":"publish","type":"product","link":"http:\/\/shinyyoustationery.com\/es\/hot-pink-tote-bag-trendy-and-functional-for-school-or-office\/","title":{"rendered":"Bolsa de mano rosa: moderna y funcional para la escuela o la oficina"},"content":{"rendered":"","protected":false},"excerpt":{"rendered":"<p>Mant\u00e9ngase elegante y organizado con el <strong data-start=\"203\" data-end=\"218\">\"LA FESTIN\"<\/strong> bolso de mano rosa intenso, perfecto para estudiantes y profesionales a la \u00faltima. Con atrevidas asas negras y modernas letras, en este llamativo bolso caben f\u00e1cilmente libros, cuadernos, una tableta o los art\u00edculos de uso diario. Tanto si vas a clase como a la oficina, a\u00f1ade un toque vibrante a tu atuendo al tiempo que ofrece espacio y comodidad. Una combinaci\u00f3n perfecta de moda y funcionalidad para el d\u00eda a d\u00eda.<\/p>","protected":false},"featured_media":33792,"template":"","meta":[],"product_brand":[],"product_cat":[700,517,518,535,705],"product_tag":[],"class_list":{"0":"post-33790","1":"product","2":"type-product","3":"status-publish","4":"has-post-thumbnail","6":"product_cat-hot-pink-power-girl-collection","7":"product_cat-backpack","8":"product_cat-school-backpack","9":"product_cat-storage-bag","10":"product_cat-tote-bag","12":"first","13":"instock","14":"shipping-taxable","15":"product-type-simple"},"_links":{"self":[{"href":"http:\/\/shinyyoustationery.com\/es\/wp-json\/wp\/v2\/product\/33790","targetHints":{"allow":["GET"]}}],"collection":[{"href":"http:\/\/shinyyoustationery.com\/es\/wp-json\/wp\/v2\/product"}],"about":[{"href":"http:\/\/shinyyoustationery.com\/es\/wp-json\/wp\/v2\/types\/product"}],"version-history":[{"count":0,"href":"http:\/\/shinyyoustationery.com\/es\/wp-json\/wp\/v2\/product\/33790\/revisions"}],"wp:featuredmedia":[{"embeddable":true,"href":"http:\/\/shinyyoustationery.com\/es\/wp-json\/wp\/v2\/media\/33792"}],"wp:attachment":[{"href":"http:\/\/shinyyoustationery.com\/es\/wp-json\/wp\/v2\/media?parent=33790"}],"wp:term":[{"taxonomy":"product_brand","embeddable":true,"href":"http:\/\/shinyyoustationery.com\/es\/wp-json\/wp\/v2\/product_brand?post=33790"},{"taxonomy":"product_cat","embeddable":true,"href":"http:\/\/shinyyoustationery.com\/es\/wp-json\/wp\/v2\/product_cat?post=33790"},{"taxonomy":"product_tag","embeddable":true,"href":"http:\/\/shinyyoustationery.com\/es\/wp-json\/wp\/v2\/product_tag?post=33790"}],"curies":[{"name":"wp","href":"https:\/\/api.w.org\/{rel}","templated":true}]}}