{"id":33796,"date":"2025-06-27T00:31:00","date_gmt":"2025-06-27T08:31:00","guid":{"rendered":"http:\/\/45.63.70.205\/?post_type=product&#038;p=33796"},"modified":"2025-06-27T00:33:48","modified_gmt":"2025-06-27T08:33:48","slug":"vibrant-pink-purple-hardtop-pencil-case-for-kids-teens-and-students","status":"publish","type":"product","link":"http:\/\/shinyyoustationery.com\/es\/vibrant-pink-purple-hardtop-pencil-case-for-kids-teens-and-students\/","title":{"rendered":"Estuche r\u00edgido rosa y morado para ni\u00f1os, adolescentes y estudiantes"},"content":{"rendered":"","protected":false},"excerpt":{"rendered":"<p>A\u00f1ade un toque de diversi\u00f3n y organizaci\u00f3n a tu material escolar con este <strong data-start=\"216\" data-end=\"267\">Estuche para l\u00e1pices Sparkling Rainbow Lightning Hardtop<\/strong>. Con un colorido dise\u00f1o de arco iris y rayos sobre un brillante exterior rosa y morado, este estuche es perfecto para estudiantes, adolescentes o cualquier persona a la que le gusten los accesorios vibrantes y funcionales. Con una tapa dura y un interior espacioso, es ideal para guardar l\u00e1pices, bol\u00edgrafos y otros art\u00edculos de papeler\u00eda. Perfecto para la vuelta al cole o como regalo divertido para mentes creativas.<\/p>","protected":false},"featured_media":33798,"template":"","meta":[],"product_brand":[],"product_cat":[700,520],"product_tag":[],"class_list":{"0":"post-33796","1":"product","2":"type-product","3":"status-publish","4":"has-post-thumbnail","6":"product_cat-hot-pink-power-girl-collection","7":"product_cat-pencil-case-pouch","9":"first","10":"instock","11":"shipping-taxable","12":"product-type-simple"},"_links":{"self":[{"href":"http:\/\/shinyyoustationery.com\/es\/wp-json\/wp\/v2\/product\/33796","targetHints":{"allow":["GET"]}}],"collection":[{"href":"http:\/\/shinyyoustationery.com\/es\/wp-json\/wp\/v2\/product"}],"about":[{"href":"http:\/\/shinyyoustationery.com\/es\/wp-json\/wp\/v2\/types\/product"}],"version-history":[{"count":0,"href":"http:\/\/shinyyoustationery.com\/es\/wp-json\/wp\/v2\/product\/33796\/revisions"}],"wp:featuredmedia":[{"embeddable":true,"href":"http:\/\/shinyyoustationery.com\/es\/wp-json\/wp\/v2\/media\/33798"}],"wp:attachment":[{"href":"http:\/\/shinyyoustationery.com\/es\/wp-json\/wp\/v2\/media?parent=33796"}],"wp:term":[{"taxonomy":"product_brand","embeddable":true,"href":"http:\/\/shinyyoustationery.com\/es\/wp-json\/wp\/v2\/product_brand?post=33796"},{"taxonomy":"product_cat","embeddable":true,"href":"http:\/\/shinyyoustationery.com\/es\/wp-json\/wp\/v2\/product_cat?post=33796"},{"taxonomy":"product_tag","embeddable":true,"href":"http:\/\/shinyyoustationery.com\/es\/wp-json\/wp\/v2\/product_tag?post=33796"}],"curies":[{"name":"wp","href":"https:\/\/api.w.org\/{rel}","templated":true}]}}