{"id":33801,"date":"2025-06-27T00:36:46","date_gmt":"2025-06-27T08:36:46","guid":{"rendered":"http:\/\/45.63.70.205\/?post_type=product&#038;p=33801"},"modified":"2025-06-27T00:40:52","modified_gmt":"2025-06-27T08:40:52","slug":"sparkly-pink-sequin-pencil-case-fun-and-shiny-hardtop-case-for-kids-teens-and-students","status":"publish","type":"product","link":"http:\/\/shinyyoustationery.com\/es\/sparkly-pink-sequin-pencil-case-fun-and-shiny-hardtop-case-for-kids-teens-and-students\/","title":{"rendered":"Estuche de lentejuelas rosa brillante - Divertido y brillante estuche r\u00edgido para ni\u00f1os, adolescentes y estudiantes"},"content":{"rendered":"","protected":false},"excerpt":{"rendered":"<p>A\u00f1ade un toque de brillo a tu material escolar con este <strong data-start=\"185\" data-end=\"220\">Estuche de lentejuelas rosa brillante<\/strong>. Con un vibrante exterior de lentejuelas rosas y brillantes detalles plateados, este estuche r\u00edgido es perfecto para mantener organizados tus bol\u00edgrafos, l\u00e1pices y peque\u00f1os accesorios. El divertido colgante de la cremallera en forma de coraz\u00f3n a\u00f1ade un toque extra de estilo, convirti\u00e9ndolo en una opci\u00f3n ideal para ni\u00f1os, adolescentes o cualquier persona a la que le guste un poco de glamour. Perfecto para el colegio, los viajes o como regalo, este estuche aporta estilo y funcionalidad a tus objetos de uso diario.<\/p>","protected":false},"featured_media":33803,"template":"","meta":[],"product_brand":[],"product_cat":[700,520],"product_tag":[],"class_list":{"0":"post-33801","1":"product","2":"type-product","3":"status-publish","4":"has-post-thumbnail","6":"product_cat-hot-pink-power-girl-collection","7":"product_cat-pencil-case-pouch","9":"first","10":"instock","11":"shipping-taxable","12":"product-type-simple"},"_links":{"self":[{"href":"http:\/\/shinyyoustationery.com\/es\/wp-json\/wp\/v2\/product\/33801","targetHints":{"allow":["GET"]}}],"collection":[{"href":"http:\/\/shinyyoustationery.com\/es\/wp-json\/wp\/v2\/product"}],"about":[{"href":"http:\/\/shinyyoustationery.com\/es\/wp-json\/wp\/v2\/types\/product"}],"version-history":[{"count":0,"href":"http:\/\/shinyyoustationery.com\/es\/wp-json\/wp\/v2\/product\/33801\/revisions"}],"wp:featuredmedia":[{"embeddable":true,"href":"http:\/\/shinyyoustationery.com\/es\/wp-json\/wp\/v2\/media\/33803"}],"wp:attachment":[{"href":"http:\/\/shinyyoustationery.com\/es\/wp-json\/wp\/v2\/media?parent=33801"}],"wp:term":[{"taxonomy":"product_brand","embeddable":true,"href":"http:\/\/shinyyoustationery.com\/es\/wp-json\/wp\/v2\/product_brand?post=33801"},{"taxonomy":"product_cat","embeddable":true,"href":"http:\/\/shinyyoustationery.com\/es\/wp-json\/wp\/v2\/product_cat?post=33801"},{"taxonomy":"product_tag","embeddable":true,"href":"http:\/\/shinyyoustationery.com\/es\/wp-json\/wp\/v2\/product_tag?post=33801"}],"curies":[{"name":"wp","href":"https:\/\/api.w.org\/{rel}","templated":true}]}}