{"id":33806,"date":"2025-06-27T00:41:51","date_gmt":"2025-06-27T08:41:51","guid":{"rendered":"http:\/\/45.63.70.205\/?post_type=product&#038;p=33806"},"modified":"2025-06-27T00:53:02","modified_gmt":"2025-06-27T08:53:02","slug":"shiny-pink-croc-textured-pencil-case-stylish-zip-pouch-for-school-office-or-travel","status":"publish","type":"product","link":"http:\/\/shinyyoustationery.com\/es\/shiny-pink-croc-textured-pencil-case-stylish-zip-pouch-for-school-office-or-travel\/","title":{"rendered":"Estuche para l\u00e1pices rosa brillante con textura de cocodrilo - Elegante estuche con cremallera para el colegio, la oficina o de viaje"},"content":{"rendered":"","protected":false},"excerpt":{"rendered":"<p>Este <strong data-start=\"129\" data-end=\"169\">Estuche rosa brillante con textura de cocodrilo<\/strong> es perfecto para a\u00f1adir un toque de color y estilo a tu material escolar o de oficina. Con un dise\u00f1o brillante de textura de cocodrilo en rosa brillante, esta elegante bolsa con cremallera es ideal para mantener organizados tus bol\u00edgrafos, l\u00e1pices y peque\u00f1os accesorios. Compacta y funcional, es perfecta para estudiantes, profesionales o cualquier persona a la que le gusten los accesorios elegantes y modernos. Ya sea para uso diario o para viajar, este estuche combina estilo y practicidad.<\/p>","protected":false},"featured_media":33807,"template":"","meta":[],"product_brand":[],"product_cat":[700,520],"product_tag":[],"class_list":{"0":"post-33806","1":"product","2":"type-product","3":"status-publish","4":"has-post-thumbnail","6":"product_cat-hot-pink-power-girl-collection","7":"product_cat-pencil-case-pouch","9":"first","10":"instock","11":"shipping-taxable","12":"product-type-simple"},"_links":{"self":[{"href":"http:\/\/shinyyoustationery.com\/es\/wp-json\/wp\/v2\/product\/33806","targetHints":{"allow":["GET"]}}],"collection":[{"href":"http:\/\/shinyyoustationery.com\/es\/wp-json\/wp\/v2\/product"}],"about":[{"href":"http:\/\/shinyyoustationery.com\/es\/wp-json\/wp\/v2\/types\/product"}],"version-history":[{"count":0,"href":"http:\/\/shinyyoustationery.com\/es\/wp-json\/wp\/v2\/product\/33806\/revisions"}],"wp:featuredmedia":[{"embeddable":true,"href":"http:\/\/shinyyoustationery.com\/es\/wp-json\/wp\/v2\/media\/33807"}],"wp:attachment":[{"href":"http:\/\/shinyyoustationery.com\/es\/wp-json\/wp\/v2\/media?parent=33806"}],"wp:term":[{"taxonomy":"product_brand","embeddable":true,"href":"http:\/\/shinyyoustationery.com\/es\/wp-json\/wp\/v2\/product_brand?post=33806"},{"taxonomy":"product_cat","embeddable":true,"href":"http:\/\/shinyyoustationery.com\/es\/wp-json\/wp\/v2\/product_cat?post=33806"},{"taxonomy":"product_tag","embeddable":true,"href":"http:\/\/shinyyoustationery.com\/es\/wp-json\/wp\/v2\/product_tag?post=33806"}],"curies":[{"name":"wp","href":"https:\/\/api.w.org\/{rel}","templated":true}]}}