{"id":33810,"date":"2025-06-27T00:53:17","date_gmt":"2025-06-27T08:53:17","guid":{"rendered":"http:\/\/45.63.70.205\/?post_type=product&#038;p=33810"},"modified":"2025-06-27T00:57:51","modified_gmt":"2025-06-27T08:57:51","slug":"metallic-pink-ribbed-pencil-case-trendy-and-stylish-zipper-pouch-for-school-office-or-travel","status":"publish","type":"product","link":"http:\/\/shinyyoustationery.com\/es\/metallic-pink-ribbed-pencil-case-trendy-and-stylish-zipper-pouch-for-school-office-or-travel\/","title":{"rendered":"Estuche para l\u00e1pices de canal\u00e9 rosa metalizado - Moderno y elegante estuche con cremallera para el colegio, la oficina o los viajes"},"content":{"rendered":"","protected":false},"excerpt":{"rendered":"<p>A\u00f1ada un toque elegante y met\u00e1lico a su colecci\u00f3n de papeler\u00eda con este <strong data-start=\"202\" data-end=\"238\">Estuche acanalado rosa metalizado<\/strong>. Con un vibrante color rosa y una exclusiva textura acanalada, este elegante estuche con cremallera es perfecto para mantener organizados tus bol\u00edgrafos, l\u00e1pices y otros objetos peque\u00f1os. Su dise\u00f1o compacto lo hace ideal para estudiantes, profesionales o cualquier persona a la que le gusten los accesorios atrevidos y funcionales. Tanto si vas al colegio, a la oficina o de viaje, este llamativo estuche es la forma perfecta de llevar tus objetos esenciales.<\/p>","protected":false},"featured_media":33811,"template":"","meta":[],"product_brand":[],"product_cat":[700,520],"product_tag":[],"class_list":{"0":"post-33810","1":"product","2":"type-product","3":"status-publish","4":"has-post-thumbnail","6":"product_cat-hot-pink-power-girl-collection","7":"product_cat-pencil-case-pouch","9":"first","10":"instock","11":"shipping-taxable","12":"product-type-simple"},"_links":{"self":[{"href":"http:\/\/shinyyoustationery.com\/es\/wp-json\/wp\/v2\/product\/33810","targetHints":{"allow":["GET"]}}],"collection":[{"href":"http:\/\/shinyyoustationery.com\/es\/wp-json\/wp\/v2\/product"}],"about":[{"href":"http:\/\/shinyyoustationery.com\/es\/wp-json\/wp\/v2\/types\/product"}],"version-history":[{"count":0,"href":"http:\/\/shinyyoustationery.com\/es\/wp-json\/wp\/v2\/product\/33810\/revisions"}],"wp:featuredmedia":[{"embeddable":true,"href":"http:\/\/shinyyoustationery.com\/es\/wp-json\/wp\/v2\/media\/33811"}],"wp:attachment":[{"href":"http:\/\/shinyyoustationery.com\/es\/wp-json\/wp\/v2\/media?parent=33810"}],"wp:term":[{"taxonomy":"product_brand","embeddable":true,"href":"http:\/\/shinyyoustationery.com\/es\/wp-json\/wp\/v2\/product_brand?post=33810"},{"taxonomy":"product_cat","embeddable":true,"href":"http:\/\/shinyyoustationery.com\/es\/wp-json\/wp\/v2\/product_cat?post=33810"},{"taxonomy":"product_tag","embeddable":true,"href":"http:\/\/shinyyoustationery.com\/es\/wp-json\/wp\/v2\/product_tag?post=33810"}],"curies":[{"name":"wp","href":"https:\/\/api.w.org\/{rel}","templated":true}]}}