{"id":33823,"date":"2025-06-27T01:11:55","date_gmt":"2025-06-27T09:11:55","guid":{"rendered":"http:\/\/45.63.70.205\/?post_type=product&#038;p=33823"},"modified":"2025-06-27T01:13:31","modified_gmt":"2025-06-27T09:13:31","slug":"glitter-pink-felt-pencil-case-stylish-and-compact-case-for-school-office-or-travel","status":"publish","type":"product","link":"http:\/\/shinyyoustationery.com\/es\/glitter-pink-felt-pencil-case-stylish-and-compact-case-for-school-office-or-travel\/","title":{"rendered":"Estuche de fieltro rosa con purpurina - Estuche elegante y compacto para la escuela, la oficina o los viajes"},"content":{"rendered":"","protected":false},"excerpt":{"rendered":"<p>Haga brillar su colecci\u00f3n de papeler\u00eda con este <strong data-start=\"172\" data-end=\"205\">Estuche de fieltro rosa con purpurina<\/strong>. El exterior liso de fieltro con un sutil acabado brillante a\u00f1ade un toque de brillo a sus objetos de uso diario. Perfecto para estudiantes, profesionales o cualquiera que necesite una forma elegante de organizar bol\u00edgrafos, l\u00e1pices y peque\u00f1os accesorios. Tanto si est\u00e1 en la escuela, en la oficina o de viaje, este estuche compacto proporciona estilo y funcionalidad en un paquete elegante.<\/p>","protected":false},"featured_media":33824,"template":"","meta":[],"product_brand":[],"product_cat":[700,520],"product_tag":[],"class_list":{"0":"post-33823","1":"product","2":"type-product","3":"status-publish","4":"has-post-thumbnail","6":"product_cat-hot-pink-power-girl-collection","7":"product_cat-pencil-case-pouch","9":"first","10":"instock","11":"shipping-taxable","12":"product-type-simple"},"_links":{"self":[{"href":"http:\/\/shinyyoustationery.com\/es\/wp-json\/wp\/v2\/product\/33823","targetHints":{"allow":["GET"]}}],"collection":[{"href":"http:\/\/shinyyoustationery.com\/es\/wp-json\/wp\/v2\/product"}],"about":[{"href":"http:\/\/shinyyoustationery.com\/es\/wp-json\/wp\/v2\/types\/product"}],"version-history":[{"count":0,"href":"http:\/\/shinyyoustationery.com\/es\/wp-json\/wp\/v2\/product\/33823\/revisions"}],"wp:featuredmedia":[{"embeddable":true,"href":"http:\/\/shinyyoustationery.com\/es\/wp-json\/wp\/v2\/media\/33824"}],"wp:attachment":[{"href":"http:\/\/shinyyoustationery.com\/es\/wp-json\/wp\/v2\/media?parent=33823"}],"wp:term":[{"taxonomy":"product_brand","embeddable":true,"href":"http:\/\/shinyyoustationery.com\/es\/wp-json\/wp\/v2\/product_brand?post=33823"},{"taxonomy":"product_cat","embeddable":true,"href":"http:\/\/shinyyoustationery.com\/es\/wp-json\/wp\/v2\/product_cat?post=33823"},{"taxonomy":"product_tag","embeddable":true,"href":"http:\/\/shinyyoustationery.com\/es\/wp-json\/wp\/v2\/product_tag?post=33823"}],"curies":[{"name":"wp","href":"https:\/\/api.w.org\/{rel}","templated":true}]}}