{"id":33833,"date":"2025-06-27T01:19:17","date_gmt":"2025-06-27T09:19:17","guid":{"rendered":"http:\/\/45.63.70.205\/?post_type=product&#038;p=33833"},"modified":"2025-06-27T01:27:31","modified_gmt":"2025-06-27T09:27:31","slug":"shiny-metallic-purple-pencil-case-sleek-and-stylish-zip-pouch-for-school-office-or-travel","status":"publish","type":"product","link":"http:\/\/shinyyoustationery.com\/es\/shiny-metallic-purple-pencil-case-sleek-and-stylish-zip-pouch-for-school-office-or-travel\/","title":{"rendered":"Estuche para l\u00e1pices p\u00farpura metalizado brillante - Elegante estuche con cremallera para el colegio, la oficina o los viajes"},"content":{"rendered":"","protected":false},"excerpt":{"rendered":"<p>A\u00f1ade un toque de color y brillo con este <strong data-start=\"172\" data-end=\"209\">Estuche p\u00farpura metalizado brillante<\/strong>. Fabricado con un material vibrante y reflectante, este estuche ofrece un dise\u00f1o elegante con un suave cierre de cremallera, por lo que es ideal para organizar tus bol\u00edgrafos, l\u00e1pices y peque\u00f1os accesorios. Perfecto para estudiantes, profesionales o cualquiera que disfrute con un accesorio moderno y funcional. Ya sea para la escuela, la oficina o los viajes, este estuche aporta un toque de estilo a la vez que mantiene sus objetos esenciales perfectamente organizados.<\/p>","protected":false},"featured_media":33834,"template":"","meta":[],"product_brand":[],"product_cat":[700,520],"product_tag":[],"class_list":{"0":"post-33833","1":"product","2":"type-product","3":"status-publish","4":"has-post-thumbnail","6":"product_cat-hot-pink-power-girl-collection","7":"product_cat-pencil-case-pouch","9":"first","10":"instock","11":"shipping-taxable","12":"product-type-simple"},"_links":{"self":[{"href":"http:\/\/shinyyoustationery.com\/es\/wp-json\/wp\/v2\/product\/33833","targetHints":{"allow":["GET"]}}],"collection":[{"href":"http:\/\/shinyyoustationery.com\/es\/wp-json\/wp\/v2\/product"}],"about":[{"href":"http:\/\/shinyyoustationery.com\/es\/wp-json\/wp\/v2\/types\/product"}],"version-history":[{"count":0,"href":"http:\/\/shinyyoustationery.com\/es\/wp-json\/wp\/v2\/product\/33833\/revisions"}],"wp:featuredmedia":[{"embeddable":true,"href":"http:\/\/shinyyoustationery.com\/es\/wp-json\/wp\/v2\/media\/33834"}],"wp:attachment":[{"href":"http:\/\/shinyyoustationery.com\/es\/wp-json\/wp\/v2\/media?parent=33833"}],"wp:term":[{"taxonomy":"product_brand","embeddable":true,"href":"http:\/\/shinyyoustationery.com\/es\/wp-json\/wp\/v2\/product_brand?post=33833"},{"taxonomy":"product_cat","embeddable":true,"href":"http:\/\/shinyyoustationery.com\/es\/wp-json\/wp\/v2\/product_cat?post=33833"},{"taxonomy":"product_tag","embeddable":true,"href":"http:\/\/shinyyoustationery.com\/es\/wp-json\/wp\/v2\/product_tag?post=33833"}],"curies":[{"name":"wp","href":"https:\/\/api.w.org\/{rel}","templated":true}]}}