{"id":33837,"date":"2025-06-27T01:29:58","date_gmt":"2025-06-27T09:29:58","guid":{"rendered":"http:\/\/45.63.70.205\/?post_type=product&#038;p=33837"},"modified":"2025-06-27T01:31:26","modified_gmt":"2025-06-27T09:31:26","slug":"iridescent-purple-pencil-case-shimmering-metallic-case-for-school-office-or-travel","status":"publish","type":"product","link":"http:\/\/shinyyoustationery.com\/es\/iridescent-purple-pencil-case-shimmering-metallic-case-for-school-office-or-travel\/","title":{"rendered":"Estuche para l\u00e1pices de color morado iridiscente - Estuche met\u00e1lico brillante para la escuela, la oficina o los viajes"},"content":{"rendered":"","protected":false},"excerpt":{"rendered":"<p data-start=\"105\" data-end=\"578\">A\u00f1ade un toque de brillo a tu colecci\u00f3n de papeler\u00eda con este <strong data-start=\"187\" data-end=\"220\">Estuche morado iridiscente<\/strong>. Con un vibrante acabado met\u00e1lico, este elegante estuche es perfecto para guardar bol\u00edgrafos, l\u00e1pices y otros objetos peque\u00f1os. El exclusivo efecto iridiscente le da un aspecto elegante y moderno, por lo que es ideal para estudiantes, profesionales o cualquier persona a la que le guste un poco de brillo. Ya sea para el colegio, la oficina o para llevar de viaje, este estuche ofrece belleza y funcionalidad.<\/p>","protected":false},"featured_media":33838,"template":"","meta":[],"product_brand":[],"product_cat":[700,520],"product_tag":[],"class_list":{"0":"post-33837","1":"product","2":"type-product","3":"status-publish","4":"has-post-thumbnail","6":"product_cat-hot-pink-power-girl-collection","7":"product_cat-pencil-case-pouch","9":"first","10":"instock","11":"shipping-taxable","12":"product-type-simple"},"_links":{"self":[{"href":"http:\/\/shinyyoustationery.com\/es\/wp-json\/wp\/v2\/product\/33837","targetHints":{"allow":["GET"]}}],"collection":[{"href":"http:\/\/shinyyoustationery.com\/es\/wp-json\/wp\/v2\/product"}],"about":[{"href":"http:\/\/shinyyoustationery.com\/es\/wp-json\/wp\/v2\/types\/product"}],"version-history":[{"count":0,"href":"http:\/\/shinyyoustationery.com\/es\/wp-json\/wp\/v2\/product\/33837\/revisions"}],"wp:featuredmedia":[{"embeddable":true,"href":"http:\/\/shinyyoustationery.com\/es\/wp-json\/wp\/v2\/media\/33838"}],"wp:attachment":[{"href":"http:\/\/shinyyoustationery.com\/es\/wp-json\/wp\/v2\/media?parent=33837"}],"wp:term":[{"taxonomy":"product_brand","embeddable":true,"href":"http:\/\/shinyyoustationery.com\/es\/wp-json\/wp\/v2\/product_brand?post=33837"},{"taxonomy":"product_cat","embeddable":true,"href":"http:\/\/shinyyoustationery.com\/es\/wp-json\/wp\/v2\/product_cat?post=33837"},{"taxonomy":"product_tag","embeddable":true,"href":"http:\/\/shinyyoustationery.com\/es\/wp-json\/wp\/v2\/product_tag?post=33837"}],"curies":[{"name":"wp","href":"https:\/\/api.w.org\/{rel}","templated":true}]}}