{"id":33846,"date":"2025-06-27T02:13:23","date_gmt":"2025-06-27T10:13:23","guid":{"rendered":"http:\/\/45.63.70.205\/?post_type=product&#038;p=33846"},"modified":"2025-06-27T02:16:46","modified_gmt":"2025-06-27T10:16:46","slug":"iridescent-purple-pencil-case-stylish-zippered-pouch-for-school-office","status":"publish","type":"product","link":"http:\/\/shinyyoustationery.com\/es\/iridescent-purple-pencil-case-stylish-zippered-pouch-for-school-office\/","title":{"rendered":"Estuche para l\u00e1pices de color morado iridiscente - Elegante estuche con cremallera para la escuela y la oficina"},"content":{"rendered":"","protected":false},"excerpt":{"rendered":"<p data-start=\"105\" data-end=\"578\">A\u00f1ade un toque de brillo y estilo con este <strong data-start=\"176\" data-end=\"209\">Estuche morado iridiscente<\/strong>. Con su llamativo acabado p\u00farpura met\u00e1lico y su dise\u00f1o elegante y compacto, este estuche es perfecto para organizar bol\u00edgrafos, l\u00e1pices y otros accesorios peque\u00f1os. Ideal para estudiantes, profesionales o cualquier persona a la que le guste un poco de color y brillo en sus objetos de uso diario. Ya sea para la escuela, el trabajo o los viajes, este vibrante estuche mantiene sus objetos seguros y f\u00e1cilmente accesibles.<\/p>","protected":false},"featured_media":33847,"template":"","meta":[],"product_brand":[],"product_cat":[700,520],"product_tag":[],"class_list":{"0":"post-33846","1":"product","2":"type-product","3":"status-publish","4":"has-post-thumbnail","6":"product_cat-hot-pink-power-girl-collection","7":"product_cat-pencil-case-pouch","9":"first","10":"instock","11":"shipping-taxable","12":"product-type-simple"},"_links":{"self":[{"href":"http:\/\/shinyyoustationery.com\/es\/wp-json\/wp\/v2\/product\/33846","targetHints":{"allow":["GET"]}}],"collection":[{"href":"http:\/\/shinyyoustationery.com\/es\/wp-json\/wp\/v2\/product"}],"about":[{"href":"http:\/\/shinyyoustationery.com\/es\/wp-json\/wp\/v2\/types\/product"}],"version-history":[{"count":0,"href":"http:\/\/shinyyoustationery.com\/es\/wp-json\/wp\/v2\/product\/33846\/revisions"}],"wp:featuredmedia":[{"embeddable":true,"href":"http:\/\/shinyyoustationery.com\/es\/wp-json\/wp\/v2\/media\/33847"}],"wp:attachment":[{"href":"http:\/\/shinyyoustationery.com\/es\/wp-json\/wp\/v2\/media?parent=33846"}],"wp:term":[{"taxonomy":"product_brand","embeddable":true,"href":"http:\/\/shinyyoustationery.com\/es\/wp-json\/wp\/v2\/product_brand?post=33846"},{"taxonomy":"product_cat","embeddable":true,"href":"http:\/\/shinyyoustationery.com\/es\/wp-json\/wp\/v2\/product_cat?post=33846"},{"taxonomy":"product_tag","embeddable":true,"href":"http:\/\/shinyyoustationery.com\/es\/wp-json\/wp\/v2\/product_tag?post=33846"}],"curies":[{"name":"wp","href":"https:\/\/api.w.org\/{rel}","templated":true}]}}