{"id":33862,"date":"2025-06-27T02:32:01","date_gmt":"2025-06-27T10:32:01","guid":{"rendered":"http:\/\/45.63.70.205\/?post_type=product&#038;p=33862"},"modified":"2025-06-27T02:39:31","modified_gmt":"2025-06-27T10:39:31","slug":"glossy-purple-pencil-case-sleek-and-vibrant-organizer-for-school-office-or-travel","status":"publish","type":"product","link":"http:\/\/shinyyoustationery.com\/es\/glossy-purple-pencil-case-sleek-and-vibrant-organizer-for-school-office-or-travel\/","title":{"rendered":"Estuche para l\u00e1pices de color p\u00farpura brillante - Organizador elegante y vibrante para la escuela, la oficina o los viajes"},"content":{"rendered":"","protected":false},"excerpt":{"rendered":"<p data-start=\"105\" data-end=\"578\">Este <strong data-start=\"128\" data-end=\"157\">Estuche violeta brillante<\/strong> es perfecto para tener bien organizados los art\u00edculos escolares, de oficina o de viaje. El acabado brillante y met\u00e1lico a\u00f1ade un toque de modernidad, mientras que su dise\u00f1o compacto lo hace ideal para guardar bol\u00edgrafos, l\u00e1pices y peque\u00f1os accesorios. Ya seas estudiante, profesional o viajero, este vibrante estuche es a la vez pr\u00e1ctico y elegante, y garantiza que tus objetos permanezcan seguros y f\u00e1cilmente accesibles.<\/p>","protected":false},"featured_media":33863,"template":"","meta":[],"product_brand":[],"product_cat":[700,520],"product_tag":[],"class_list":{"0":"post-33862","1":"product","2":"type-product","3":"status-publish","4":"has-post-thumbnail","6":"product_cat-hot-pink-power-girl-collection","7":"product_cat-pencil-case-pouch","9":"first","10":"instock","11":"shipping-taxable","12":"product-type-simple"},"_links":{"self":[{"href":"http:\/\/shinyyoustationery.com\/es\/wp-json\/wp\/v2\/product\/33862","targetHints":{"allow":["GET"]}}],"collection":[{"href":"http:\/\/shinyyoustationery.com\/es\/wp-json\/wp\/v2\/product"}],"about":[{"href":"http:\/\/shinyyoustationery.com\/es\/wp-json\/wp\/v2\/types\/product"}],"version-history":[{"count":0,"href":"http:\/\/shinyyoustationery.com\/es\/wp-json\/wp\/v2\/product\/33862\/revisions"}],"wp:featuredmedia":[{"embeddable":true,"href":"http:\/\/shinyyoustationery.com\/es\/wp-json\/wp\/v2\/media\/33863"}],"wp:attachment":[{"href":"http:\/\/shinyyoustationery.com\/es\/wp-json\/wp\/v2\/media?parent=33862"}],"wp:term":[{"taxonomy":"product_brand","embeddable":true,"href":"http:\/\/shinyyoustationery.com\/es\/wp-json\/wp\/v2\/product_brand?post=33862"},{"taxonomy":"product_cat","embeddable":true,"href":"http:\/\/shinyyoustationery.com\/es\/wp-json\/wp\/v2\/product_cat?post=33862"},{"taxonomy":"product_tag","embeddable":true,"href":"http:\/\/shinyyoustationery.com\/es\/wp-json\/wp\/v2\/product_tag?post=33862"}],"curies":[{"name":"wp","href":"https:\/\/api.w.org\/{rel}","templated":true}]}}