{"id":33881,"date":"2025-06-27T02:51:39","date_gmt":"2025-06-27T10:51:39","guid":{"rendered":"http:\/\/45.63.70.205\/?post_type=product&#038;p=33881"},"modified":"2025-07-07T16:52:56","modified_gmt":"2025-07-07T08:52:56","slug":"pink-safety-scissors-for-kids-crafts","status":"publish","type":"product","link":"http:\/\/shinyyoustationery.com\/es\/pink-safety-scissors-for-kids-crafts\/","title":{"rendered":"Tijeras de seguridad rosas para ni\u00f1os y manualidades"},"content":{"rendered":"","protected":false},"excerpt":{"rendered":"<p data-start=\"105\" data-end=\"578\">Un elegante estuche de color p\u00farpura brillante dise\u00f1ado para el uso diario. Perfecto tanto para estudiantes como para profesionales, este estuche mantiene organizados tus bol\u00edgrafos, l\u00e1pices y otros accesorios peque\u00f1os, a la vez que a\u00f1ade un toque de color a tu espacio de trabajo. Ideal para la escuela, la oficina o los viajes.<\/p>","protected":false},"featured_media":33882,"template":"","meta":[],"product_brand":[],"product_cat":[700,397,425],"product_tag":[],"class_list":{"0":"post-33881","1":"product","2":"type-product","3":"status-publish","4":"has-post-thumbnail","6":"product_cat-hot-pink-power-girl-collection","7":"product_cat-basic-office-stationery","8":"product_cat-scissor","10":"first","11":"instock","12":"shipping-taxable","13":"product-type-simple"},"_links":{"self":[{"href":"http:\/\/shinyyoustationery.com\/es\/wp-json\/wp\/v2\/product\/33881","targetHints":{"allow":["GET"]}}],"collection":[{"href":"http:\/\/shinyyoustationery.com\/es\/wp-json\/wp\/v2\/product"}],"about":[{"href":"http:\/\/shinyyoustationery.com\/es\/wp-json\/wp\/v2\/types\/product"}],"version-history":[{"count":0,"href":"http:\/\/shinyyoustationery.com\/es\/wp-json\/wp\/v2\/product\/33881\/revisions"}],"wp:featuredmedia":[{"embeddable":true,"href":"http:\/\/shinyyoustationery.com\/es\/wp-json\/wp\/v2\/media\/33882"}],"wp:attachment":[{"href":"http:\/\/shinyyoustationery.com\/es\/wp-json\/wp\/v2\/media?parent=33881"}],"wp:term":[{"taxonomy":"product_brand","embeddable":true,"href":"http:\/\/shinyyoustationery.com\/es\/wp-json\/wp\/v2\/product_brand?post=33881"},{"taxonomy":"product_cat","embeddable":true,"href":"http:\/\/shinyyoustationery.com\/es\/wp-json\/wp\/v2\/product_cat?post=33881"},{"taxonomy":"product_tag","embeddable":true,"href":"http:\/\/shinyyoustationery.com\/es\/wp-json\/wp\/v2\/product_tag?post=33881"}],"curies":[{"name":"wp","href":"https:\/\/api.w.org\/{rel}","templated":true}]}}