{"id":33893,"date":"2025-06-27T03:18:38","date_gmt":"2025-06-27T11:18:38","guid":{"rendered":"http:\/\/45.63.70.205\/?post_type=product&#038;p=33893"},"modified":"2025-07-07T15:19:02","modified_gmt":"2025-07-07T07:19:02","slug":"sparkling-purple-glitter-pencil-case-for-kids-students","status":"publish","type":"product","link":"http:\/\/shinyyoustationery.com\/es\/sparkling-purple-glitter-pencil-case-for-kids-students\/","title":{"rendered":"Estuche con purpurina p\u00farpura brillante para ni\u00f1os y estudiantes"},"content":{"rendered":"","protected":false},"excerpt":{"rendered":"<p data-start=\"105\" data-end=\"578\">A\u00f1ade un toque de brillo a tu material escolar con este vibrante estuche morado con purpurina. Perfecto para estudiantes y ni\u00f1os creativos, su brillante exterior lo convierte no solo en una soluci\u00f3n de almacenamiento funcional, sino tambi\u00e9n en un divertido accesorio para alegrar tu mochila. Ideal para organizar bol\u00edgrafos, l\u00e1pices y otros art\u00edculos de papeler\u00eda.<\/p>","protected":false},"featured_media":33894,"template":"","meta":[],"product_brand":[],"product_cat":[700,477,520],"product_tag":[],"class_list":{"0":"post-33893","1":"product","2":"type-product","3":"status-publish","4":"has-post-thumbnail","6":"product_cat-hot-pink-power-girl-collection","7":"product_cat-school-bags","8":"product_cat-pencil-case-pouch","10":"first","11":"instock","12":"shipping-taxable","13":"product-type-simple"},"_links":{"self":[{"href":"http:\/\/shinyyoustationery.com\/es\/wp-json\/wp\/v2\/product\/33893","targetHints":{"allow":["GET"]}}],"collection":[{"href":"http:\/\/shinyyoustationery.com\/es\/wp-json\/wp\/v2\/product"}],"about":[{"href":"http:\/\/shinyyoustationery.com\/es\/wp-json\/wp\/v2\/types\/product"}],"version-history":[{"count":0,"href":"http:\/\/shinyyoustationery.com\/es\/wp-json\/wp\/v2\/product\/33893\/revisions"}],"wp:featuredmedia":[{"embeddable":true,"href":"http:\/\/shinyyoustationery.com\/es\/wp-json\/wp\/v2\/media\/33894"}],"wp:attachment":[{"href":"http:\/\/shinyyoustationery.com\/es\/wp-json\/wp\/v2\/media?parent=33893"}],"wp:term":[{"taxonomy":"product_brand","embeddable":true,"href":"http:\/\/shinyyoustationery.com\/es\/wp-json\/wp\/v2\/product_brand?post=33893"},{"taxonomy":"product_cat","embeddable":true,"href":"http:\/\/shinyyoustationery.com\/es\/wp-json\/wp\/v2\/product_cat?post=33893"},{"taxonomy":"product_tag","embeddable":true,"href":"http:\/\/shinyyoustationery.com\/es\/wp-json\/wp\/v2\/product_tag?post=33893"}],"curies":[{"name":"wp","href":"https:\/\/api.w.org\/{rel}","templated":true}]}}