{"id":33897,"date":"2025-06-27T03:27:12","date_gmt":"2025-06-27T11:27:12","guid":{"rendered":"http:\/\/45.63.70.205\/?post_type=product&#038;p=33897"},"modified":"2025-07-07T15:18:54","modified_gmt":"2025-07-07T07:18:54","slug":"fun-pink-cactus-shaped-pencil-case-perfect-for-kids-students","status":"publish","type":"product","link":"http:\/\/shinyyoustationery.com\/es\/fun-pink-cactus-shaped-pencil-case-perfect-for-kids-students\/","title":{"rendered":"Divertido estuche rosa con forma de cactus, perfecto para ni\u00f1os y estudiantes"},"content":{"rendered":"","protected":false},"excerpt":{"rendered":"<p>Este juguet\u00f3n <strong data-start=\"111\" data-end=\"145\">estuche rosa con forma de cactus<\/strong> es ideal para ni\u00f1os y estudiantes que quieran a\u00f1adir un toque divertido a su material escolar. Su dise\u00f1o \u00fanico, con un tirador de cremallera en forma de brazo de cactus, lo convierte en un accesorio funcional y caprichoso para organizar bol\u00edgrafos, l\u00e1pices y otros art\u00edculos de papeler\u00eda peque\u00f1os. Perfecto para el colegio o para actividades creativas, este bonito estuche es imprescindible para los amantes de los art\u00edculos extravagantes y coloridos.<\/p>","protected":false},"featured_media":33899,"template":"","meta":[],"product_brand":[],"product_cat":[700,477,520],"product_tag":[],"class_list":{"0":"post-33897","1":"product","2":"type-product","3":"status-publish","4":"has-post-thumbnail","6":"product_cat-hot-pink-power-girl-collection","7":"product_cat-school-bags","8":"product_cat-pencil-case-pouch","10":"first","11":"instock","12":"shipping-taxable","13":"product-type-simple"},"_links":{"self":[{"href":"http:\/\/shinyyoustationery.com\/es\/wp-json\/wp\/v2\/product\/33897","targetHints":{"allow":["GET"]}}],"collection":[{"href":"http:\/\/shinyyoustationery.com\/es\/wp-json\/wp\/v2\/product"}],"about":[{"href":"http:\/\/shinyyoustationery.com\/es\/wp-json\/wp\/v2\/types\/product"}],"version-history":[{"count":0,"href":"http:\/\/shinyyoustationery.com\/es\/wp-json\/wp\/v2\/product\/33897\/revisions"}],"wp:featuredmedia":[{"embeddable":true,"href":"http:\/\/shinyyoustationery.com\/es\/wp-json\/wp\/v2\/media\/33899"}],"wp:attachment":[{"href":"http:\/\/shinyyoustationery.com\/es\/wp-json\/wp\/v2\/media?parent=33897"}],"wp:term":[{"taxonomy":"product_brand","embeddable":true,"href":"http:\/\/shinyyoustationery.com\/es\/wp-json\/wp\/v2\/product_brand?post=33897"},{"taxonomy":"product_cat","embeddable":true,"href":"http:\/\/shinyyoustationery.com\/es\/wp-json\/wp\/v2\/product_cat?post=33897"},{"taxonomy":"product_tag","embeddable":true,"href":"http:\/\/shinyyoustationery.com\/es\/wp-json\/wp\/v2\/product_tag?post=33897"}],"curies":[{"name":"wp","href":"https:\/\/api.w.org\/{rel}","templated":true}]}}