{"id":33908,"date":"2025-06-27T03:43:45","date_gmt":"2025-06-27T11:43:45","guid":{"rendered":"http:\/\/45.63.70.205\/?post_type=product&#038;p=33908"},"modified":"2025-07-07T15:18:42","modified_gmt":"2025-07-07T07:18:42","slug":"unicorn-themed-pink-pencil-case-fun-and-colorful-organizer-for-kids-school","status":"publish","type":"product","link":"http:\/\/shinyyoustationery.com\/es\/unicorn-themed-pink-pencil-case-fun-and-colorful-organizer-for-kids-school\/","title":{"rendered":"Estuche para l\u00e1pices rosa con tem\u00e1tica de unicornio - Organizador divertido y colorido para ni\u00f1os y colegio"},"content":{"rendered":"","protected":false},"excerpt":{"rendered":"<p>Este <strong data-start=\"127\" data-end=\"162\">Estuche Unicornio Rosa<\/strong> es imprescindible para los j\u00f3venes estudiantes y los amantes de los unicornios. Con un alegre dise\u00f1o de unicornio de colores y una divertida cola con los colores del arco iris, es perfecto para organizar bol\u00edgrafos, l\u00e1pices y otros accesorios peque\u00f1os. Ideal para el colegio, este resistente y bonito estuche hace que organizar los art\u00edculos de papeler\u00eda sea una experiencia agradable para los ni\u00f1os.<\/p>","protected":false},"featured_media":33909,"template":"","meta":[],"product_brand":[],"product_cat":[700,477,520],"product_tag":[],"class_list":{"0":"post-33908","1":"product","2":"type-product","3":"status-publish","4":"has-post-thumbnail","6":"product_cat-hot-pink-power-girl-collection","7":"product_cat-school-bags","8":"product_cat-pencil-case-pouch","10":"first","11":"instock","12":"shipping-taxable","13":"product-type-simple"},"_links":{"self":[{"href":"http:\/\/shinyyoustationery.com\/es\/wp-json\/wp\/v2\/product\/33908","targetHints":{"allow":["GET"]}}],"collection":[{"href":"http:\/\/shinyyoustationery.com\/es\/wp-json\/wp\/v2\/product"}],"about":[{"href":"http:\/\/shinyyoustationery.com\/es\/wp-json\/wp\/v2\/types\/product"}],"version-history":[{"count":0,"href":"http:\/\/shinyyoustationery.com\/es\/wp-json\/wp\/v2\/product\/33908\/revisions"}],"wp:featuredmedia":[{"embeddable":true,"href":"http:\/\/shinyyoustationery.com\/es\/wp-json\/wp\/v2\/media\/33909"}],"wp:attachment":[{"href":"http:\/\/shinyyoustationery.com\/es\/wp-json\/wp\/v2\/media?parent=33908"}],"wp:term":[{"taxonomy":"product_brand","embeddable":true,"href":"http:\/\/shinyyoustationery.com\/es\/wp-json\/wp\/v2\/product_brand?post=33908"},{"taxonomy":"product_cat","embeddable":true,"href":"http:\/\/shinyyoustationery.com\/es\/wp-json\/wp\/v2\/product_cat?post=33908"},{"taxonomy":"product_tag","embeddable":true,"href":"http:\/\/shinyyoustationery.com\/es\/wp-json\/wp\/v2\/product_tag?post=33908"}],"curies":[{"name":"wp","href":"https:\/\/api.w.org\/{rel}","templated":true}]}}