{"id":33915,"date":"2025-06-27T03:59:54","date_gmt":"2025-06-27T11:59:54","guid":{"rendered":"http:\/\/45.63.70.205\/?post_type=product&#038;p=33915"},"modified":"2025-07-07T15:32:42","modified_gmt":"2025-07-07T07:32:42","slug":"vibrant-pink-transparent-tote-bag-stylish-and-fun-for-school-work-or-shopping","status":"publish","type":"product","link":"http:\/\/shinyyoustationery.com\/es\/vibrant-pink-transparent-tote-bag-stylish-and-fun-for-school-work-or-shopping\/","title":{"rendered":"Bolsa transparente rosa vibrante: elegante y divertida para el colegio, el trabajo o la compra"},"content":{"rendered":"","protected":false},"excerpt":{"rendered":"<p>Este <strong data-start=\"124\" data-end=\"161\">Bolsa de mano transparente rosa vibrante<\/strong> es el accesorio perfecto para llevar tus imprescindibles con un dise\u00f1o divertido y llamativo. Fabricada con un material brillante y duradero, tiene asas de color rosa y un interior grande y espacioso. Ya sea para ir al colegio, al trabajo o de compras, esta bolsa de mano ofrece practicidad y estilo. Su dise\u00f1o transparente te permite localizar f\u00e1cilmente tus objetos, mientras que su atrevido color a\u00f1ade un toque de diversi\u00f3n a tu rutina diaria.<\/p>","protected":false},"featured_media":33917,"template":"","meta":[],"product_brand":[],"product_cat":[705,404,535,700],"product_tag":[],"class_list":{"0":"post-33915","1":"product","2":"type-product","3":"status-publish","4":"has-post-thumbnail","6":"product_cat-tote-bag","7":"product_cat-bags-cases","8":"product_cat-storage-bag","9":"product_cat-hot-pink-power-girl-collection","11":"first","12":"instock","13":"shipping-taxable","14":"product-type-simple"},"_links":{"self":[{"href":"http:\/\/shinyyoustationery.com\/es\/wp-json\/wp\/v2\/product\/33915","targetHints":{"allow":["GET"]}}],"collection":[{"href":"http:\/\/shinyyoustationery.com\/es\/wp-json\/wp\/v2\/product"}],"about":[{"href":"http:\/\/shinyyoustationery.com\/es\/wp-json\/wp\/v2\/types\/product"}],"version-history":[{"count":0,"href":"http:\/\/shinyyoustationery.com\/es\/wp-json\/wp\/v2\/product\/33915\/revisions"}],"wp:featuredmedia":[{"embeddable":true,"href":"http:\/\/shinyyoustationery.com\/es\/wp-json\/wp\/v2\/media\/33917"}],"wp:attachment":[{"href":"http:\/\/shinyyoustationery.com\/es\/wp-json\/wp\/v2\/media?parent=33915"}],"wp:term":[{"taxonomy":"product_brand","embeddable":true,"href":"http:\/\/shinyyoustationery.com\/es\/wp-json\/wp\/v2\/product_brand?post=33915"},{"taxonomy":"product_cat","embeddable":true,"href":"http:\/\/shinyyoustationery.com\/es\/wp-json\/wp\/v2\/product_cat?post=33915"},{"taxonomy":"product_tag","embeddable":true,"href":"http:\/\/shinyyoustationery.com\/es\/wp-json\/wp\/v2\/product_tag?post=33915"}],"curies":[{"name":"wp","href":"https:\/\/api.w.org\/{rel}","templated":true}]}}