{"id":33930,"date":"2025-06-27T04:20:33","date_gmt":"2025-06-27T12:20:33","guid":{"rendered":"http:\/\/45.63.70.205\/?post_type=product&#038;p=33930"},"modified":"2025-06-27T04:20:33","modified_gmt":"2025-06-27T12:20:33","slug":"gradient-pink-water-bottle-with-stainless-steel-straw-for-school-office","status":"publish","type":"product","link":"http:\/\/shinyyoustationery.com\/es\/gradient-pink-water-bottle-with-stainless-steel-straw-for-school-office\/","title":{"rendered":"Botella de agua rosa degradado con pajita de acero inoxidable para el colegio y la oficina"},"content":{"rendered":"","protected":false},"excerpt":{"rendered":"<p>Mantente hidratado con estilo con este <strong data-start=\"162\" data-end=\"192\">Botella de agua rosa degradado<\/strong>. Con una bonita transici\u00f3n de color del rosa al naranja, esta botella est\u00e1 dise\u00f1ada para ofrecer tanto est\u00e9tica como funcionalidad. La duradera pajita de acero inoxidable facilita la bebida sobre la marcha, mientras que la tapa enroscable de seguridad garantiza que no se produzcan derrames. Perfecta para estudiantes, trabajadores de oficina o viajeros, esta elegante y moderna botella de agua es ideal para llevar tus bebidas all\u00e1 donde vayas.<\/p>","protected":false},"featured_media":33931,"template":"","meta":[],"product_brand":[],"product_cat":[405,700,541],"product_tag":[],"class_list":{"0":"post-33930","1":"product","2":"type-product","3":"status-publish","4":"has-post-thumbnail","6":"product_cat-cups-bottles","7":"product_cat-hot-pink-power-girl-collection","8":"product_cat-bottle","10":"first","11":"instock","12":"shipping-taxable","13":"product-type-simple"},"_links":{"self":[{"href":"http:\/\/shinyyoustationery.com\/es\/wp-json\/wp\/v2\/product\/33930","targetHints":{"allow":["GET"]}}],"collection":[{"href":"http:\/\/shinyyoustationery.com\/es\/wp-json\/wp\/v2\/product"}],"about":[{"href":"http:\/\/shinyyoustationery.com\/es\/wp-json\/wp\/v2\/types\/product"}],"version-history":[{"count":0,"href":"http:\/\/shinyyoustationery.com\/es\/wp-json\/wp\/v2\/product\/33930\/revisions"}],"wp:featuredmedia":[{"embeddable":true,"href":"http:\/\/shinyyoustationery.com\/es\/wp-json\/wp\/v2\/media\/33931"}],"wp:attachment":[{"href":"http:\/\/shinyyoustationery.com\/es\/wp-json\/wp\/v2\/media?parent=33930"}],"wp:term":[{"taxonomy":"product_brand","embeddable":true,"href":"http:\/\/shinyyoustationery.com\/es\/wp-json\/wp\/v2\/product_brand?post=33930"},{"taxonomy":"product_cat","embeddable":true,"href":"http:\/\/shinyyoustationery.com\/es\/wp-json\/wp\/v2\/product_cat?post=33930"},{"taxonomy":"product_tag","embeddable":true,"href":"http:\/\/shinyyoustationery.com\/es\/wp-json\/wp\/v2\/product_tag?post=33930"}],"curies":[{"name":"wp","href":"https:\/\/api.w.org\/{rel}","templated":true}]}}