{"id":33934,"date":"2025-06-27T04:34:16","date_gmt":"2025-06-27T12:34:16","guid":{"rendered":"http:\/\/45.63.70.205\/?post_type=product&#038;p=33934"},"modified":"2025-06-27T04:35:51","modified_gmt":"2025-06-27T12:35:51","slug":"pink-water-bottle-for-active-lifestyles-stay-hydrated-stay-healthy","status":"publish","type":"product","link":"http:\/\/shinyyoustationery.com\/es\/pink-water-bottle-for-active-lifestyles-stay-hydrated-stay-healthy\/","title":{"rendered":"Botella de agua rosa para estilos de vida activos - Mantente hidratado, mantente sano"},"content":{"rendered":"","protected":false},"excerpt":{"rendered":"<p>Esta botella de agua de color rosa vibrante est\u00e1 dise\u00f1ada para aquellos que siempre est\u00e1n en movimiento. Tanto si est\u00e1s en el gimnasio, en la escuela o trabajando en la oficina, esta elegante y pr\u00e1ctica botella te ayuda a mantenerte hidratado durante todo el d\u00eda. Con su tapa abatible f\u00e1cil de usar y su pajita, es perfecta para beber sorbos r\u00e1pidos durante los entrenamientos o las sesiones de estudio. Mantente fresco y sano est\u00e9s donde est\u00e9s.<\/p>","protected":false},"featured_media":33935,"template":"","meta":[],"product_brand":[],"product_cat":[700,405,541],"product_tag":[],"class_list":{"0":"post-33934","1":"product","2":"type-product","3":"status-publish","4":"has-post-thumbnail","6":"product_cat-hot-pink-power-girl-collection","7":"product_cat-cups-bottles","8":"product_cat-bottle","10":"first","11":"instock","12":"shipping-taxable","13":"product-type-simple"},"_links":{"self":[{"href":"http:\/\/shinyyoustationery.com\/es\/wp-json\/wp\/v2\/product\/33934","targetHints":{"allow":["GET"]}}],"collection":[{"href":"http:\/\/shinyyoustationery.com\/es\/wp-json\/wp\/v2\/product"}],"about":[{"href":"http:\/\/shinyyoustationery.com\/es\/wp-json\/wp\/v2\/types\/product"}],"version-history":[{"count":0,"href":"http:\/\/shinyyoustationery.com\/es\/wp-json\/wp\/v2\/product\/33934\/revisions"}],"wp:featuredmedia":[{"embeddable":true,"href":"http:\/\/shinyyoustationery.com\/es\/wp-json\/wp\/v2\/media\/33935"}],"wp:attachment":[{"href":"http:\/\/shinyyoustationery.com\/es\/wp-json\/wp\/v2\/media?parent=33934"}],"wp:term":[{"taxonomy":"product_brand","embeddable":true,"href":"http:\/\/shinyyoustationery.com\/es\/wp-json\/wp\/v2\/product_brand?post=33934"},{"taxonomy":"product_cat","embeddable":true,"href":"http:\/\/shinyyoustationery.com\/es\/wp-json\/wp\/v2\/product_cat?post=33934"},{"taxonomy":"product_tag","embeddable":true,"href":"http:\/\/shinyyoustationery.com\/es\/wp-json\/wp\/v2\/product_tag?post=33934"}],"curies":[{"name":"wp","href":"https:\/\/api.w.org\/{rel}","templated":true}]}}