{"id":33937,"date":"2025-06-27T04:40:35","date_gmt":"2025-06-27T12:40:35","guid":{"rendered":"http:\/\/45.63.70.205\/?post_type=product&#038;p=33937"},"modified":"2025-08-13T03:51:21","modified_gmt":"2025-08-13T11:51:21","slug":"holographic-pink-file-holder-trendy-and-stylish-storage-for-school-office","status":"publish","type":"product","link":"http:\/\/shinyyoustationery.com\/es\/holographic-pink-file-holder-trendy-and-stylish-storage-for-school-office\/","title":{"rendered":"Archivador rosa hologr\u00e1fico - Almacenamiento moderno y elegante para la escuela y la oficina"},"content":{"rendered":"","protected":false},"excerpt":{"rendered":"<p>Este <strong data-start=\"132\" data-end=\"164\">Archivador rosa hologr\u00e1fico<\/strong> presenta un acabado vibrante y brillante, que lo convierte en un complemento perfecto para cualquier espacio de trabajo. Dise\u00f1ado para organizar papeles, documentos o tareas escolares, este archivador es a la vez funcional y divertido. El exclusivo dise\u00f1o hologr\u00e1fico con un simp\u00e1tico motivo de gafas de sol a\u00f1ade un toque divertido, por lo que es ideal para estudiantes, oficinistas o cualquier persona a la que le guste la organizaci\u00f3n con estilo. Mant\u00e9n tus carpetas en orden con este llamativo y resistente archivador.<\/p>","protected":false},"featured_media":33938,"template":"","meta":[],"product_brand":[],"product_cat":[438,412,700],"product_tag":[],"class_list":{"0":"post-33937","1":"product","2":"type-product","3":"status-publish","4":"has-post-thumbnail","6":"product_cat-document-file-holder","7":"product_cat-document-file-folder","8":"product_cat-hot-pink-power-girl-collection","10":"first","11":"instock","12":"shipping-taxable","13":"product-type-simple"},"_links":{"self":[{"href":"http:\/\/shinyyoustationery.com\/es\/wp-json\/wp\/v2\/product\/33937","targetHints":{"allow":["GET"]}}],"collection":[{"href":"http:\/\/shinyyoustationery.com\/es\/wp-json\/wp\/v2\/product"}],"about":[{"href":"http:\/\/shinyyoustationery.com\/es\/wp-json\/wp\/v2\/types\/product"}],"version-history":[{"count":0,"href":"http:\/\/shinyyoustationery.com\/es\/wp-json\/wp\/v2\/product\/33937\/revisions"}],"wp:featuredmedia":[{"embeddable":true,"href":"http:\/\/shinyyoustationery.com\/es\/wp-json\/wp\/v2\/media\/33938"}],"wp:attachment":[{"href":"http:\/\/shinyyoustationery.com\/es\/wp-json\/wp\/v2\/media?parent=33937"}],"wp:term":[{"taxonomy":"product_brand","embeddable":true,"href":"http:\/\/shinyyoustationery.com\/es\/wp-json\/wp\/v2\/product_brand?post=33937"},{"taxonomy":"product_cat","embeddable":true,"href":"http:\/\/shinyyoustationery.com\/es\/wp-json\/wp\/v2\/product_cat?post=33937"},{"taxonomy":"product_tag","embeddable":true,"href":"http:\/\/shinyyoustationery.com\/es\/wp-json\/wp\/v2\/product_tag?post=33937"}],"curies":[{"name":"wp","href":"https:\/\/api.w.org\/{rel}","templated":true}]}}