{"id":33947,"date":"2025-06-30T09:42:58","date_gmt":"2025-06-30T01:42:58","guid":{"rendered":"http:\/\/45.63.70.205\/?post_type=product&#038;p=33947"},"modified":"2025-07-02T19:44:37","modified_gmt":"2025-07-02T11:44:37","slug":"pink-glitter-pencil-set-fun-and-stylish-stationery-for-kids-teens","status":"publish","type":"product","link":"http:\/\/shinyyoustationery.com\/es\/pink-glitter-pencil-set-fun-and-stylish-stationery-for-kids-teens\/","title":{"rendered":"Juego de l\u00e1pices rosa con purpurina: papeler\u00eda divertida y con estilo para ni\u00f1os y adolescentes"},"content":{"rendered":"","protected":false},"excerpt":{"rendered":"<p>A\u00f1ade un toque de color y brillo a tu colecci\u00f3n de papeler\u00eda con el juego de l\u00e1pices rosa con purpurina de JustHype. Perfecto para el colegio, proyectos creativos o como regalo divertido, este set incluye seis l\u00e1pices rosas con purpurina que son a la vez elegantes y funcionales. Su dise\u00f1o duradero y su escritura suave lo convierten en la opci\u00f3n ideal para ni\u00f1os y adolescentes a los que les encanta expresar su creatividad.<\/p>","protected":false},"featured_media":33948,"template":"","meta":[],"product_brand":[],"product_cat":[416,331,415],"product_tag":[],"class_list":{"0":"post-33947","1":"product","2":"type-product","3":"status-publish","4":"has-post-thumbnail","6":"product_cat-pencil","7":"product_cat-stationery-set","8":"product_cat-pen","10":"first","11":"instock","12":"shipping-taxable","13":"product-type-simple"},"_links":{"self":[{"href":"http:\/\/shinyyoustationery.com\/es\/wp-json\/wp\/v2\/product\/33947","targetHints":{"allow":["GET"]}}],"collection":[{"href":"http:\/\/shinyyoustationery.com\/es\/wp-json\/wp\/v2\/product"}],"about":[{"href":"http:\/\/shinyyoustationery.com\/es\/wp-json\/wp\/v2\/types\/product"}],"version-history":[{"count":0,"href":"http:\/\/shinyyoustationery.com\/es\/wp-json\/wp\/v2\/product\/33947\/revisions"}],"wp:featuredmedia":[{"embeddable":true,"href":"http:\/\/shinyyoustationery.com\/es\/wp-json\/wp\/v2\/media\/33948"}],"wp:attachment":[{"href":"http:\/\/shinyyoustationery.com\/es\/wp-json\/wp\/v2\/media?parent=33947"}],"wp:term":[{"taxonomy":"product_brand","embeddable":true,"href":"http:\/\/shinyyoustationery.com\/es\/wp-json\/wp\/v2\/product_brand?post=33947"},{"taxonomy":"product_cat","embeddable":true,"href":"http:\/\/shinyyoustationery.com\/es\/wp-json\/wp\/v2\/product_cat?post=33947"},{"taxonomy":"product_tag","embeddable":true,"href":"http:\/\/shinyyoustationery.com\/es\/wp-json\/wp\/v2\/product_tag?post=33947"}],"curies":[{"name":"wp","href":"https:\/\/api.w.org\/{rel}","templated":true}]}}