{"id":33960,"date":"2025-06-30T10:13:31","date_gmt":"2025-06-30T02:13:31","guid":{"rendered":"http:\/\/45.63.70.205\/?post_type=product&#038;p=33960"},"modified":"2025-07-03T20:02:58","modified_gmt":"2025-07-03T12:02:58","slug":"bright-pink-sunglasses-fun-and-stylish-accessory-for-girls","status":"publish","type":"product","link":"http:\/\/shinyyoustationery.com\/es\/bright-pink-sunglasses-fun-and-stylish-accessory-for-girls\/","title":{"rendered":"Gafas de sol rosa brillante - Accesorio divertido y con estilo para ni\u00f1as"},"content":{"rendered":"","protected":false},"excerpt":{"rendered":"<p>Estos <strong data-start=\"104\" data-end=\"130\">Gafas de sol rosa brillante<\/strong> son el accesorio perfecto para cualquier chica que quiera a\u00f1adir un toque divertido y elegante a su atuendo. Ya sea para ir a la playa, disfrutar de un d\u00eda soleado al aire libre o simplemente pasear, estas gafas de sol te mantendr\u00e1n fresca y protegida del sol. Su vibrante color rosa y su elegante dise\u00f1o las convierten en un accesorio imprescindible de moda para todas las edades. Ideales para salidas informales, fiestas o como regalo para la chica m\u00e1s moderna de tu vida.<\/p>","protected":false},"featured_media":33962,"template":"","meta":[],"product_brand":[],"product_cat":[700],"product_tag":[],"class_list":{"0":"post-33960","1":"product","2":"type-product","3":"status-publish","4":"has-post-thumbnail","6":"product_cat-hot-pink-power-girl-collection","8":"first","9":"instock","10":"shipping-taxable","11":"product-type-simple"},"_links":{"self":[{"href":"http:\/\/shinyyoustationery.com\/es\/wp-json\/wp\/v2\/product\/33960","targetHints":{"allow":["GET"]}}],"collection":[{"href":"http:\/\/shinyyoustationery.com\/es\/wp-json\/wp\/v2\/product"}],"about":[{"href":"http:\/\/shinyyoustationery.com\/es\/wp-json\/wp\/v2\/types\/product"}],"version-history":[{"count":0,"href":"http:\/\/shinyyoustationery.com\/es\/wp-json\/wp\/v2\/product\/33960\/revisions"}],"wp:featuredmedia":[{"embeddable":true,"href":"http:\/\/shinyyoustationery.com\/es\/wp-json\/wp\/v2\/media\/33962"}],"wp:attachment":[{"href":"http:\/\/shinyyoustationery.com\/es\/wp-json\/wp\/v2\/media?parent=33960"}],"wp:term":[{"taxonomy":"product_brand","embeddable":true,"href":"http:\/\/shinyyoustationery.com\/es\/wp-json\/wp\/v2\/product_brand?post=33960"},{"taxonomy":"product_cat","embeddable":true,"href":"http:\/\/shinyyoustationery.com\/es\/wp-json\/wp\/v2\/product_cat?post=33960"},{"taxonomy":"product_tag","embeddable":true,"href":"http:\/\/shinyyoustationery.com\/es\/wp-json\/wp\/v2\/product_tag?post=33960"}],"curies":[{"name":"wp","href":"https:\/\/api.w.org\/{rel}","templated":true}]}}