{"id":33973,"date":"2025-06-30T10:36:57","date_gmt":"2025-06-30T02:36:57","guid":{"rendered":"http:\/\/45.63.70.205\/?post_type=product&#038;p=33973"},"modified":"2025-06-30T10:39:11","modified_gmt":"2025-06-30T02:39:11","slug":"pink-unicorn-keychain-fun-stylish-accessory-for-kids-and-teens","status":"publish","type":"product","link":"http:\/\/shinyyoustationery.com\/es\/pink-unicorn-keychain-fun-stylish-accessory-for-kids-and-teens\/","title":{"rendered":"Llavero Unicornio Rosa - Accesorio divertido y con estilo para ni\u00f1os y adolescentes"},"content":{"rendered":"","protected":false},"excerpt":{"rendered":"<p>A\u00f1ade un toque de fantas\u00eda a tus llaves o a tu bolso con este vibrante llavero de unicornio rosa. Perfecto para ni\u00f1os, adolescentes o cualquier persona a la que le gusten los accesorios \u00fanicos y divertidos. Su acabado met\u00e1lico brillante y su dise\u00f1o duradero lo convierten en un complemento divertido y pr\u00e1ctico para cualquier juego de llaves, mochila o bolso.<\/p>","protected":false},"featured_media":33974,"template":"","meta":[],"product_brand":[],"product_cat":[659,700],"product_tag":[],"class_list":{"0":"post-33973","1":"product","2":"type-product","3":"status-publish","4":"has-post-thumbnail","6":"product_cat-keychain","7":"product_cat-hot-pink-power-girl-collection","9":"first","10":"instock","11":"shipping-taxable","12":"product-type-simple"},"_links":{"self":[{"href":"http:\/\/shinyyoustationery.com\/es\/wp-json\/wp\/v2\/product\/33973","targetHints":{"allow":["GET"]}}],"collection":[{"href":"http:\/\/shinyyoustationery.com\/es\/wp-json\/wp\/v2\/product"}],"about":[{"href":"http:\/\/shinyyoustationery.com\/es\/wp-json\/wp\/v2\/types\/product"}],"version-history":[{"count":0,"href":"http:\/\/shinyyoustationery.com\/es\/wp-json\/wp\/v2\/product\/33973\/revisions"}],"wp:featuredmedia":[{"embeddable":true,"href":"http:\/\/shinyyoustationery.com\/es\/wp-json\/wp\/v2\/media\/33974"}],"wp:attachment":[{"href":"http:\/\/shinyyoustationery.com\/es\/wp-json\/wp\/v2\/media?parent=33973"}],"wp:term":[{"taxonomy":"product_brand","embeddable":true,"href":"http:\/\/shinyyoustationery.com\/es\/wp-json\/wp\/v2\/product_brand?post=33973"},{"taxonomy":"product_cat","embeddable":true,"href":"http:\/\/shinyyoustationery.com\/es\/wp-json\/wp\/v2\/product_cat?post=33973"},{"taxonomy":"product_tag","embeddable":true,"href":"http:\/\/shinyyoustationery.com\/es\/wp-json\/wp\/v2\/product_tag?post=33973"}],"curies":[{"name":"wp","href":"https:\/\/api.w.org\/{rel}","templated":true}]}}