{"id":33999,"date":"2025-06-30T13:28:16","date_gmt":"2025-06-30T05:28:16","guid":{"rendered":"http:\/\/45.63.70.205\/?post_type=product&#038;p=33999"},"modified":"2025-06-30T13:37:12","modified_gmt":"2025-06-30T05:37:12","slug":"pink-swivel-pen-holder-with-multi-compartment-perfect-for-kids-and-school-use","status":"publish","type":"product","link":"http:\/\/shinyyoustationery.com\/es\/pink-swivel-pen-holder-with-multi-compartment-perfect-for-kids-and-school-use\/","title":{"rendered":"Portabol\u00edgrafos giratorio rosa con varios compartimentos - Perfecto para uso infantil y escolar"},"content":{"rendered":"","protected":false},"excerpt":{"rendered":"<p>Este portabol\u00edgrafos giratorio de color rosa vibrante presenta un dise\u00f1o \u00fanico con varios compartimentos, por lo que es ideal tanto para uso dom\u00e9stico como escolar. Su base giratoria permite acceder f\u00e1cilmente a bol\u00edgrafos, l\u00e1pices y otros art\u00edculos de papeler\u00eda, manteniendo tu escritorio organizado. El color rosa brillante a\u00f1ade un toque divertido y juguet\u00f3n a cualquier espacio de estudio o aula, perfecto para ni\u00f1os y estudiantes.<\/p>","protected":false},"featured_media":34001,"template":"","meta":[],"product_brand":[],"product_cat":[428,700],"product_tag":[],"class_list":{"0":"post-33999","1":"product","2":"type-product","3":"status-publish","4":"has-post-thumbnail","6":"product_cat-pen-holder","7":"product_cat-hot-pink-power-girl-collection","9":"first","10":"instock","11":"shipping-taxable","12":"product-type-simple"},"_links":{"self":[{"href":"http:\/\/shinyyoustationery.com\/es\/wp-json\/wp\/v2\/product\/33999","targetHints":{"allow":["GET"]}}],"collection":[{"href":"http:\/\/shinyyoustationery.com\/es\/wp-json\/wp\/v2\/product"}],"about":[{"href":"http:\/\/shinyyoustationery.com\/es\/wp-json\/wp\/v2\/types\/product"}],"version-history":[{"count":0,"href":"http:\/\/shinyyoustationery.com\/es\/wp-json\/wp\/v2\/product\/33999\/revisions"}],"wp:featuredmedia":[{"embeddable":true,"href":"http:\/\/shinyyoustationery.com\/es\/wp-json\/wp\/v2\/media\/34001"}],"wp:attachment":[{"href":"http:\/\/shinyyoustationery.com\/es\/wp-json\/wp\/v2\/media?parent=33999"}],"wp:term":[{"taxonomy":"product_brand","embeddable":true,"href":"http:\/\/shinyyoustationery.com\/es\/wp-json\/wp\/v2\/product_brand?post=33999"},{"taxonomy":"product_cat","embeddable":true,"href":"http:\/\/shinyyoustationery.com\/es\/wp-json\/wp\/v2\/product_cat?post=33999"},{"taxonomy":"product_tag","embeddable":true,"href":"http:\/\/shinyyoustationery.com\/es\/wp-json\/wp\/v2\/product_tag?post=33999"}],"curies":[{"name":"wp","href":"https:\/\/api.w.org\/{rel}","templated":true}]}}