{"id":34025,"date":"2025-06-30T14:06:04","date_gmt":"2025-06-30T06:06:04","guid":{"rendered":"http:\/\/45.63.70.205\/?post_type=product&#038;p=34025"},"modified":"2025-08-13T05:29:54","modified_gmt":"2025-08-13T13:29:54","slug":"bright-pink-heart-shaped-magnetic-whiteboard-fun-and-practical-for-home-office-or-school","status":"publish","type":"product","link":"http:\/\/shinyyoustationery.com\/es\/bright-pink-heart-shaped-magnetic-whiteboard-fun-and-practical-for-home-office-or-school\/","title":{"rendered":"Pizarra magn\u00e9tica rosa brillante con forma de coraz\u00f3n - Divertida y pr\u00e1ctica para casa, la oficina o la escuela"},"content":{"rendered":"","protected":false},"excerpt":{"rendered":"<p>Este <strong data-start=\"135\" data-end=\"183\">Pizarra magn\u00e9tica rosa brillante en forma de coraz\u00f3n<\/strong> es una combinaci\u00f3n perfecta de funcionalidad y estilo. Ideal para apuntar recordatorios, notas o listas de tareas, a\u00f1ade un toque divertido a cualquier espacio de trabajo o casa. Su dise\u00f1o en forma de coraz\u00f3n es a la vez bonito y \u00fanico, por lo que es un complemento ideal para la habitaci\u00f3n de una ni\u00f1a, el pupitre del colegio o la oficina. Su superficie magn\u00e9tica es perfecta para fijar notas, fotos o recordatorios importantes con imanes. Ideal para estudiantes, profesores o cualquiera a quien le guste a\u00f1adir un poco de diversi\u00f3n a sus herramientas de organizaci\u00f3n.<\/p>","protected":false},"featured_media":34026,"template":"","meta":[],"product_brand":[],"product_cat":[454,698,700],"product_tag":[],"class_list":{"0":"post-34025","1":"product","2":"type-product","3":"status-publish","4":"has-post-thumbnail","6":"product_cat-whiteboard","7":"product_cat-magnets","8":"product_cat-hot-pink-power-girl-collection","10":"first","11":"instock","12":"shipping-taxable","13":"product-type-simple"},"_links":{"self":[{"href":"http:\/\/shinyyoustationery.com\/es\/wp-json\/wp\/v2\/product\/34025","targetHints":{"allow":["GET"]}}],"collection":[{"href":"http:\/\/shinyyoustationery.com\/es\/wp-json\/wp\/v2\/product"}],"about":[{"href":"http:\/\/shinyyoustationery.com\/es\/wp-json\/wp\/v2\/types\/product"}],"version-history":[{"count":0,"href":"http:\/\/shinyyoustationery.com\/es\/wp-json\/wp\/v2\/product\/34025\/revisions"}],"wp:featuredmedia":[{"embeddable":true,"href":"http:\/\/shinyyoustationery.com\/es\/wp-json\/wp\/v2\/media\/34026"}],"wp:attachment":[{"href":"http:\/\/shinyyoustationery.com\/es\/wp-json\/wp\/v2\/media?parent=34025"}],"wp:term":[{"taxonomy":"product_brand","embeddable":true,"href":"http:\/\/shinyyoustationery.com\/es\/wp-json\/wp\/v2\/product_brand?post=34025"},{"taxonomy":"product_cat","embeddable":true,"href":"http:\/\/shinyyoustationery.com\/es\/wp-json\/wp\/v2\/product_cat?post=34025"},{"taxonomy":"product_tag","embeddable":true,"href":"http:\/\/shinyyoustationery.com\/es\/wp-json\/wp\/v2\/product_tag?post=34025"}],"curies":[{"name":"wp","href":"https:\/\/api.w.org\/{rel}","templated":true}]}}