{"id":34058,"date":"2025-06-30T15:20:03","date_gmt":"2025-06-30T07:20:03","guid":{"rendered":"http:\/\/45.63.70.205\/?post_type=product&#038;p=34058"},"modified":"2025-07-07T15:18:33","modified_gmt":"2025-07-07T07:18:33","slug":"canvas-pixel-chomp-pencil-case-fun-and-stylish-for-kids-school-and-office","status":"publish","type":"product","link":"http:\/\/shinyyoustationery.com\/es\/canvas-pixel-chomp-pencil-case-fun-and-stylish-for-kids-school-and-office\/","title":{"rendered":"Estuche para l\u00e1pices Canvas Pixel y Chomp - Divertido y elegante para ni\u00f1os, colegio y oficina"},"content":{"rendered":"","protected":false},"excerpt":{"rendered":"<p>Este <strong data-start=\"122\" data-end=\"158\">Estuche para l\u00e1pices Canvas Pixel y Chomp<\/strong> es perfecto para organizar bol\u00edgrafos, l\u00e1pices y otros peque\u00f1os art\u00edculos de papeler\u00eda. Con el divertido <strong data-start=\"256\" data-end=\"273\">Pixel Y Chomp<\/strong> es ideal para estudiantes, ni\u00f1os y j\u00f3venes profesionales. El resistente material de lona garantiza su resistencia al uso diario, mientras que la cremallera azul brillante a\u00f1ade un divertido toque de color. Una gran elecci\u00f3n para el colegio, el trabajo o como un bonito regalo, este estuche combina funcionalidad con un estilo \u00fanico y divertido.<\/p>","protected":false},"featured_media":34059,"template":"","meta":[],"product_brand":[],"product_cat":[520,477,701],"product_tag":[],"class_list":{"0":"post-34058","1":"product","2":"type-product","3":"status-publish","4":"has-post-thumbnail","6":"product_cat-pencil-case-pouch","7":"product_cat-school-bags","8":"product_cat-pixel-chomp-collection","10":"first","11":"instock","12":"shipping-taxable","13":"product-type-simple"},"_links":{"self":[{"href":"http:\/\/shinyyoustationery.com\/es\/wp-json\/wp\/v2\/product\/34058","targetHints":{"allow":["GET"]}}],"collection":[{"href":"http:\/\/shinyyoustationery.com\/es\/wp-json\/wp\/v2\/product"}],"about":[{"href":"http:\/\/shinyyoustationery.com\/es\/wp-json\/wp\/v2\/types\/product"}],"version-history":[{"count":0,"href":"http:\/\/shinyyoustationery.com\/es\/wp-json\/wp\/v2\/product\/34058\/revisions"}],"wp:featuredmedia":[{"embeddable":true,"href":"http:\/\/shinyyoustationery.com\/es\/wp-json\/wp\/v2\/media\/34059"}],"wp:attachment":[{"href":"http:\/\/shinyyoustationery.com\/es\/wp-json\/wp\/v2\/media?parent=34058"}],"wp:term":[{"taxonomy":"product_brand","embeddable":true,"href":"http:\/\/shinyyoustationery.com\/es\/wp-json\/wp\/v2\/product_brand?post=34058"},{"taxonomy":"product_cat","embeddable":true,"href":"http:\/\/shinyyoustationery.com\/es\/wp-json\/wp\/v2\/product_cat?post=34058"},{"taxonomy":"product_tag","embeddable":true,"href":"http:\/\/shinyyoustationery.com\/es\/wp-json\/wp\/v2\/product_tag?post=34058"}],"curies":[{"name":"wp","href":"https:\/\/api.w.org\/{rel}","templated":true}]}}