{"id":34070,"date":"2025-06-30T15:26:32","date_gmt":"2025-06-30T07:26:32","guid":{"rendered":"http:\/\/45.63.70.205\/?post_type=product&#038;p=34070"},"modified":"2025-07-07T15:18:19","modified_gmt":"2025-07-07T07:18:19","slug":"green-monster-design-pencil-case-fun-and-colorful-for-kids-school","status":"publish","type":"product","link":"http:\/\/shinyyoustationery.com\/es\/green-monster-design-pencil-case-fun-and-colorful-for-kids-school\/","title":{"rendered":"Estuche para l\u00e1pices con dise\u00f1o de monstruo verde - Divertido y colorido para ni\u00f1os y escolares"},"content":{"rendered":"","protected":false},"excerpt":{"rendered":"<p>Este <strong data-start=\"118\" data-end=\"154\">Estuche de dise\u00f1o Green Monster<\/strong> es el accesorio perfecto para cualquier joven estudiante o ni\u00f1o al que le gusten los dise\u00f1os extravagantes y coloridos. Con un divertido monstruo verde con detalles pixelados, este estuche es ideal para guardar bol\u00edgrafos, l\u00e1pices y otros art\u00edculos de papeler\u00eda. Su resistente cierre de cremallera garantiza un almacenamiento seguro, y su tama\u00f1o compacto facilita su transporte en una mochila o en un caj\u00f3n del escritorio. Ideal para el colegio, el hogar o como regalo para cualquier ni\u00f1o amante de la diversi\u00f3n.<\/p>","protected":false},"featured_media":34072,"template":"","meta":[],"product_brand":[],"product_cat":[520,477,701],"product_tag":[],"class_list":{"0":"post-34070","1":"product","2":"type-product","3":"status-publish","4":"has-post-thumbnail","6":"product_cat-pencil-case-pouch","7":"product_cat-school-bags","8":"product_cat-pixel-chomp-collection","10":"first","11":"instock","12":"shipping-taxable","13":"product-type-simple"},"_links":{"self":[{"href":"http:\/\/shinyyoustationery.com\/es\/wp-json\/wp\/v2\/product\/34070","targetHints":{"allow":["GET"]}}],"collection":[{"href":"http:\/\/shinyyoustationery.com\/es\/wp-json\/wp\/v2\/product"}],"about":[{"href":"http:\/\/shinyyoustationery.com\/es\/wp-json\/wp\/v2\/types\/product"}],"version-history":[{"count":0,"href":"http:\/\/shinyyoustationery.com\/es\/wp-json\/wp\/v2\/product\/34070\/revisions"}],"wp:featuredmedia":[{"embeddable":true,"href":"http:\/\/shinyyoustationery.com\/es\/wp-json\/wp\/v2\/media\/34072"}],"wp:attachment":[{"href":"http:\/\/shinyyoustationery.com\/es\/wp-json\/wp\/v2\/media?parent=34070"}],"wp:term":[{"taxonomy":"product_brand","embeddable":true,"href":"http:\/\/shinyyoustationery.com\/es\/wp-json\/wp\/v2\/product_brand?post=34070"},{"taxonomy":"product_cat","embeddable":true,"href":"http:\/\/shinyyoustationery.com\/es\/wp-json\/wp\/v2\/product_cat?post=34070"},{"taxonomy":"product_tag","embeddable":true,"href":"http:\/\/shinyyoustationery.com\/es\/wp-json\/wp\/v2\/product_tag?post=34070"}],"curies":[{"name":"wp","href":"https:\/\/api.w.org\/{rel}","templated":true}]}}