{"id":34076,"date":"2025-06-30T15:30:46","date_gmt":"2025-06-30T07:30:46","guid":{"rendered":"http:\/\/45.63.70.205\/?post_type=product&#038;p=34076"},"modified":"2025-07-07T15:18:11","modified_gmt":"2025-07-07T07:18:11","slug":"green-monster-pencil-case-fun-and-colorful-for-kids-school-and-art-supplies","status":"publish","type":"product","link":"http:\/\/shinyyoustationery.com\/es\/green-monster-pencil-case-fun-and-colorful-for-kids-school-and-art-supplies\/","title":{"rendered":"Estuche para l\u00e1pices Green Monster - Divertido y colorido para ni\u00f1os, escuela y material de arte"},"content":{"rendered":"","protected":false},"excerpt":{"rendered":"<p>Este <strong data-start=\"122\" data-end=\"151\">Estuche monstruo verde<\/strong> es una forma divertida y alegre de organizar tus bol\u00edgrafos, l\u00e1pices y otros art\u00edculos de papeler\u00eda. Con un simp\u00e1tico dise\u00f1o de un monstruo verde, es perfecto para ni\u00f1os, estudiantes o cualquier persona a la que le gusten los accesorios extravagantes. El material duradero y el cierre de cremallera lo hacen ideal para la escuela, el hogar o proyectos art\u00edsticos, proporcionando estilo y funcionalidad. Un gran regalo para los j\u00f3venes creativos o un divertido complemento para tu propia colecci\u00f3n.<\/p>","protected":false},"featured_media":34078,"template":"","meta":[],"product_brand":[],"product_cat":[520,477,701],"product_tag":[],"class_list":{"0":"post-34076","1":"product","2":"type-product","3":"status-publish","4":"has-post-thumbnail","6":"product_cat-pencil-case-pouch","7":"product_cat-school-bags","8":"product_cat-pixel-chomp-collection","10":"first","11":"instock","12":"shipping-taxable","13":"product-type-simple"},"_links":{"self":[{"href":"http:\/\/shinyyoustationery.com\/es\/wp-json\/wp\/v2\/product\/34076","targetHints":{"allow":["GET"]}}],"collection":[{"href":"http:\/\/shinyyoustationery.com\/es\/wp-json\/wp\/v2\/product"}],"about":[{"href":"http:\/\/shinyyoustationery.com\/es\/wp-json\/wp\/v2\/types\/product"}],"version-history":[{"count":0,"href":"http:\/\/shinyyoustationery.com\/es\/wp-json\/wp\/v2\/product\/34076\/revisions"}],"wp:featuredmedia":[{"embeddable":true,"href":"http:\/\/shinyyoustationery.com\/es\/wp-json\/wp\/v2\/media\/34078"}],"wp:attachment":[{"href":"http:\/\/shinyyoustationery.com\/es\/wp-json\/wp\/v2\/media?parent=34076"}],"wp:term":[{"taxonomy":"product_brand","embeddable":true,"href":"http:\/\/shinyyoustationery.com\/es\/wp-json\/wp\/v2\/product_brand?post=34076"},{"taxonomy":"product_cat","embeddable":true,"href":"http:\/\/shinyyoustationery.com\/es\/wp-json\/wp\/v2\/product_cat?post=34076"},{"taxonomy":"product_tag","embeddable":true,"href":"http:\/\/shinyyoustationery.com\/es\/wp-json\/wp\/v2\/product_tag?post=34076"}],"curies":[{"name":"wp","href":"https:\/\/api.w.org\/{rel}","templated":true}]}}