{"id":34080,"date":"2025-06-30T15:43:25","date_gmt":"2025-06-30T07:43:25","guid":{"rendered":"http:\/\/45.63.70.205\/?post_type=product&#038;p=34080"},"modified":"2025-07-07T15:18:04","modified_gmt":"2025-07-07T07:18:04","slug":"yellow-pixel-chomp-pencil-case-bright-and-fun-for-school-kids-and-office","status":"publish","type":"product","link":"http:\/\/shinyyoustationery.com\/es\/yellow-pixel-chomp-pencil-case-bright-and-fun-for-school-kids-and-office\/","title":{"rendered":"Estuche amarillo Pixel y Chomp - Brillante y divertido para el colegio, los ni\u00f1os y la oficina"},"content":{"rendered":"","protected":false},"excerpt":{"rendered":"<p>Este <strong data-start=\"125\" data-end=\"161\">Estuche amarillo Pixel y Chomp<\/strong> es un accesorio vibrante y divertido, perfecto para organizar bol\u00edgrafos, l\u00e1pices y otros art\u00edculos de papeler\u00eda. Con un llamativo <strong data-start=\"292\" data-end=\"309\">Pixel Y Chomp<\/strong> Este estuche es ideal para estudiantes, ni\u00f1os o cualquier persona que quiera a\u00f1adir un toque divertido a su material escolar o de oficina. El material duradero y el cierre de cremallera liso garantizan que mantendr\u00e1 sus art\u00edculos seguros y de f\u00e1cil acceso. Perfecto para alegrar tu escritorio o mochila.<\/p>","protected":false},"featured_media":34081,"template":"","meta":[],"product_brand":[],"product_cat":[520,477,701],"product_tag":[],"class_list":{"0":"post-34080","1":"product","2":"type-product","3":"status-publish","4":"has-post-thumbnail","6":"product_cat-pencil-case-pouch","7":"product_cat-school-bags","8":"product_cat-pixel-chomp-collection","10":"first","11":"instock","12":"shipping-taxable","13":"product-type-simple"},"_links":{"self":[{"href":"http:\/\/shinyyoustationery.com\/es\/wp-json\/wp\/v2\/product\/34080","targetHints":{"allow":["GET"]}}],"collection":[{"href":"http:\/\/shinyyoustationery.com\/es\/wp-json\/wp\/v2\/product"}],"about":[{"href":"http:\/\/shinyyoustationery.com\/es\/wp-json\/wp\/v2\/types\/product"}],"version-history":[{"count":0,"href":"http:\/\/shinyyoustationery.com\/es\/wp-json\/wp\/v2\/product\/34080\/revisions"}],"wp:featuredmedia":[{"embeddable":true,"href":"http:\/\/shinyyoustationery.com\/es\/wp-json\/wp\/v2\/media\/34081"}],"wp:attachment":[{"href":"http:\/\/shinyyoustationery.com\/es\/wp-json\/wp\/v2\/media?parent=34080"}],"wp:term":[{"taxonomy":"product_brand","embeddable":true,"href":"http:\/\/shinyyoustationery.com\/es\/wp-json\/wp\/v2\/product_brand?post=34080"},{"taxonomy":"product_cat","embeddable":true,"href":"http:\/\/shinyyoustationery.com\/es\/wp-json\/wp\/v2\/product_cat?post=34080"},{"taxonomy":"product_tag","embeddable":true,"href":"http:\/\/shinyyoustationery.com\/es\/wp-json\/wp\/v2\/product_tag?post=34080"}],"curies":[{"name":"wp","href":"https:\/\/api.w.org\/{rel}","templated":true}]}}