{"id":34102,"date":"2025-06-30T16:43:06","date_gmt":"2025-06-30T08:43:06","guid":{"rendered":"http:\/\/45.63.70.205\/?post_type=product&#038;p=34102"},"modified":"2025-06-30T16:43:06","modified_gmt":"2025-06-30T08:43:06","slug":"pixel-chomp-stationery-set-bright-and-fun-for-school-office-and-kids","status":"publish","type":"product","link":"http:\/\/shinyyoustationery.com\/es\/pixel-chomp-stationery-set-bright-and-fun-for-school-office-and-kids\/","title":{"rendered":"Juego de papeler\u00eda Pixel y Chomp - Brillante y divertido para la escuela, la oficina y los ni\u00f1os"},"content":{"rendered":"","protected":false},"excerpt":{"rendered":"<p>Este <strong data-start=\"117\" data-end=\"149\">Pixel &amp; Chomp Juego de papeler\u00eda<\/strong> incluye cuatro bol\u00edgrafos y rotuladores esenciales de colores: azul, verde, amarillo y transparente. Perfecto para estudiantes, ni\u00f1os y oficinistas, este set aporta estilo y funcionalidad a tus tareas cotidianas. Los alegres <strong data-start=\"368\" data-end=\"385\">Pixel Y Chomp<\/strong> hace que estudiar, trabajar u organizar sea una experiencia m\u00e1s agradable. Ideal para usar en la escuela, en casa o en la oficina, este vibrante juego a\u00f1ade un divertido toque de color a tu colecci\u00f3n de papeler\u00eda.<\/p>","protected":false},"featured_media":34103,"template":"","meta":[],"product_brand":[],"product_cat":[331,701],"product_tag":[],"class_list":{"0":"post-34102","1":"product","2":"type-product","3":"status-publish","4":"has-post-thumbnail","6":"product_cat-stationery-set","7":"product_cat-pixel-chomp-collection","9":"first","10":"instock","11":"shipping-taxable","12":"product-type-simple"},"_links":{"self":[{"href":"http:\/\/shinyyoustationery.com\/es\/wp-json\/wp\/v2\/product\/34102","targetHints":{"allow":["GET"]}}],"collection":[{"href":"http:\/\/shinyyoustationery.com\/es\/wp-json\/wp\/v2\/product"}],"about":[{"href":"http:\/\/shinyyoustationery.com\/es\/wp-json\/wp\/v2\/types\/product"}],"version-history":[{"count":0,"href":"http:\/\/shinyyoustationery.com\/es\/wp-json\/wp\/v2\/product\/34102\/revisions"}],"wp:featuredmedia":[{"embeddable":true,"href":"http:\/\/shinyyoustationery.com\/es\/wp-json\/wp\/v2\/media\/34103"}],"wp:attachment":[{"href":"http:\/\/shinyyoustationery.com\/es\/wp-json\/wp\/v2\/media?parent=34102"}],"wp:term":[{"taxonomy":"product_brand","embeddable":true,"href":"http:\/\/shinyyoustationery.com\/es\/wp-json\/wp\/v2\/product_brand?post=34102"},{"taxonomy":"product_cat","embeddable":true,"href":"http:\/\/shinyyoustationery.com\/es\/wp-json\/wp\/v2\/product_cat?post=34102"},{"taxonomy":"product_tag","embeddable":true,"href":"http:\/\/shinyyoustationery.com\/es\/wp-json\/wp\/v2\/product_tag?post=34102"}],"curies":[{"name":"wp","href":"https:\/\/api.w.org\/{rel}","templated":true}]}}