{"id":34115,"date":"2025-06-30T17:12:08","date_gmt":"2025-06-30T09:12:08","guid":{"rendered":"http:\/\/45.63.70.205\/?post_type=product&#038;p=34115"},"modified":"2025-06-30T17:12:09","modified_gmt":"2025-06-30T09:12:09","slug":"colorful-monster-themed-notebook-labels-fun-and-vibrant-labels-for-kids-school-supplies","status":"publish","type":"product","link":"http:\/\/shinyyoustationery.com\/es\/colorful-monster-themed-notebook-labels-fun-and-vibrant-labels-for-kids-school-supplies\/","title":{"rendered":"Etiquetas de colores para cuadernos con tem\u00e1tica de monstruos - Etiquetas divertidas y vibrantes para el material escolar de los ni\u00f1os"},"content":{"rendered":"","protected":false},"excerpt":{"rendered":"<p>A\u00f1ade un toque divertido a tu material escolar con este set de coloridas etiquetas para cuadernos con tem\u00e1tica de monstruos. Dise\u00f1adas para ni\u00f1os, estas etiquetas vienen en rosa, amarillo y verde brillante con simp\u00e1ticas y extravagantes ilustraciones de monstruos. Perfectas para organizar cuadernos, carpetas o libros, estas etiquetas facilitan la personalizaci\u00f3n del material escolar a la vez que lo hacen divertido y \u00fanico. Ideales para la vuelta al cole o como complemento creativo para la colecci\u00f3n de cualquier joven estudiante.<\/p>","protected":false},"featured_media":34116,"template":"","meta":[],"product_brand":[],"product_cat":[439,701,380],"product_tag":[],"class_list":{"0":"post-34115","1":"product","2":"type-product","3":"status-publish","4":"has-post-thumbnail","6":"product_cat-label","7":"product_cat-pixel-chomp-collection","8":"product_cat-school-stationery","10":"first","11":"instock","12":"shipping-taxable","13":"product-type-simple"},"_links":{"self":[{"href":"http:\/\/shinyyoustationery.com\/es\/wp-json\/wp\/v2\/product\/34115","targetHints":{"allow":["GET"]}}],"collection":[{"href":"http:\/\/shinyyoustationery.com\/es\/wp-json\/wp\/v2\/product"}],"about":[{"href":"http:\/\/shinyyoustationery.com\/es\/wp-json\/wp\/v2\/types\/product"}],"version-history":[{"count":0,"href":"http:\/\/shinyyoustationery.com\/es\/wp-json\/wp\/v2\/product\/34115\/revisions"}],"wp:featuredmedia":[{"embeddable":true,"href":"http:\/\/shinyyoustationery.com\/es\/wp-json\/wp\/v2\/media\/34116"}],"wp:attachment":[{"href":"http:\/\/shinyyoustationery.com\/es\/wp-json\/wp\/v2\/media?parent=34115"}],"wp:term":[{"taxonomy":"product_brand","embeddable":true,"href":"http:\/\/shinyyoustationery.com\/es\/wp-json\/wp\/v2\/product_brand?post=34115"},{"taxonomy":"product_cat","embeddable":true,"href":"http:\/\/shinyyoustationery.com\/es\/wp-json\/wp\/v2\/product_cat?post=34115"},{"taxonomy":"product_tag","embeddable":true,"href":"http:\/\/shinyyoustationery.com\/es\/wp-json\/wp\/v2\/product_tag?post=34115"}],"curies":[{"name":"wp","href":"https:\/\/api.w.org\/{rel}","templated":true}]}}