{"id":34150,"date":"2025-06-30T19:19:21","date_gmt":"2025-06-30T11:19:21","guid":{"rendered":"http:\/\/45.63.70.205\/?post_type=product&#038;p=34150"},"modified":"2025-07-02T19:39:05","modified_gmt":"2025-07-02T11:39:05","slug":"pixel-chomp-purple-alien-novelty-pen-fun-and-whimsical-writing-tool-for-kids","status":"publish","type":"product","link":"http:\/\/shinyyoustationery.com\/es\/pixel-chomp-purple-alien-novelty-pen-fun-and-whimsical-writing-tool-for-kids\/","title":{"rendered":"Pixel &amp; Chomp Bol\u00edgrafo Alien\u00edgena Morado - Herramienta de escritura divertida y caprichosa para ni\u00f1os"},"content":{"rendered":"","protected":false},"excerpt":{"rendered":"<p>Dale un toque divertido a tu escritura con el bol\u00edgrafo alien\u00edgena morado Pixel &amp; Chomp. Perfecto para el colegio, para hacer garabatos o para las tareas de escritura diarias, este bol\u00edgrafo presenta un simp\u00e1tico personaje alien\u00edgena que a\u00f1ade personalidad a tus art\u00edculos de papeler\u00eda. Ideal para ni\u00f1os y para cualquiera a quien le gusten los dise\u00f1os extravagantes y divertidos.<\/p>","protected":false},"featured_media":34152,"template":"","meta":[],"product_brand":[],"product_cat":[658,394,410,415],"product_tag":[],"class_list":{"0":"post-34150","1":"product","2":"type-product","3":"status-publish","4":"has-post-thumbnail","6":"product_cat-novelty-pen","7":"product_cat-correction-supplies","8":"product_cat-writing-instruments","9":"product_cat-pen","11":"first","12":"instock","13":"shipping-taxable","14":"product-type-simple"},"_links":{"self":[{"href":"http:\/\/shinyyoustationery.com\/es\/wp-json\/wp\/v2\/product\/34150","targetHints":{"allow":["GET"]}}],"collection":[{"href":"http:\/\/shinyyoustationery.com\/es\/wp-json\/wp\/v2\/product"}],"about":[{"href":"http:\/\/shinyyoustationery.com\/es\/wp-json\/wp\/v2\/types\/product"}],"version-history":[{"count":0,"href":"http:\/\/shinyyoustationery.com\/es\/wp-json\/wp\/v2\/product\/34150\/revisions"}],"wp:featuredmedia":[{"embeddable":true,"href":"http:\/\/shinyyoustationery.com\/es\/wp-json\/wp\/v2\/media\/34152"}],"wp:attachment":[{"href":"http:\/\/shinyyoustationery.com\/es\/wp-json\/wp\/v2\/media?parent=34150"}],"wp:term":[{"taxonomy":"product_brand","embeddable":true,"href":"http:\/\/shinyyoustationery.com\/es\/wp-json\/wp\/v2\/product_brand?post=34150"},{"taxonomy":"product_cat","embeddable":true,"href":"http:\/\/shinyyoustationery.com\/es\/wp-json\/wp\/v2\/product_cat?post=34150"},{"taxonomy":"product_tag","embeddable":true,"href":"http:\/\/shinyyoustationery.com\/es\/wp-json\/wp\/v2\/product_tag?post=34150"}],"curies":[{"name":"wp","href":"https:\/\/api.w.org\/{rel}","templated":true}]}}